{"id":33097,"date":"2025-06-25T06:51:00","date_gmt":"2025-06-25T06:51:00","guid":{"rendered":"https:\/\/kitazato-ivf.com\/?page_id=33097"},"modified":"2026-03-20T10:30:29","modified_gmt":"2026-03-20T10:30:29","slug":"medios-de-vitrificacion-ultra-fast","status":"publish","type":"page","link":"https:\/\/kitazato-ivf.com\/es\/vitrificacion\/medios-de-vitrificacion-ultra-fast\/","title":{"rendered":"Medios de Vitrificaci\u00f3n Ultra-Fast"},"content":{"rendered":"","protected":false},"excerpt":{"rendered":"","protected":false},"author":2,"featured_media":35144,"parent":16243,"menu_order":68,"comment_status":"closed","ping_status":"closed","template":"","meta":{"_acf_changed":false,"footnotes":""},"class_list":["post-33097","page","type-page","status-publish","has-post-thumbnail","hentry","entry"],"acf":[],"yoast_head":"<!-- This site is optimized with the Yoast SEO plugin v26.8 - https:\/\/yoast.com\/product\/yoast-seo-wordpress\/ -->\n<title>Medios de Vitrificaci\u00f3n Ultra-Fast- Kitazato IVF<\/title>\n<meta name=\"description\" content=\"Gracias a una s\u00f3lida evidencia cient\u00edfica y a una validaci\u00f3n multic\u00e9ntrica, los medios de Vitrificaci\u00f3n Ultra-Fast, garantizan resultados cl\u00ednicos altos y consistentes\" \/>\n<meta name=\"robots\" content=\"index, follow, max-snippet:-1, max-image-preview:large, max-video-preview:-1\" \/>\n<link rel=\"canonical\" href=\"https:\/\/kitazato-ivf.com\/es\/vitrificacion\/medios-de-vitrificacion-ultra-fast\/\" \/>\n<meta property=\"og:locale\" content=\"es_ES\" \/>\n<meta property=\"og:type\" content=\"article\" \/>\n<meta property=\"og:title\" content=\"Medios de Vitrificaci\u00f3n Ultra-Fast- Kitazato IVF\" \/>\n<meta property=\"og:description\" content=\"Gracias a una s\u00f3lida evidencia cient\u00edfica y a una validaci\u00f3n multic\u00e9ntrica, los medios de Vitrificaci\u00f3n Ultra-Fast, garantizan resultados cl\u00ednicos altos y consistentes\" \/>\n<meta property=\"og:url\" content=\"https:\/\/kitazato-ivf.com\/es\/vitrificacion\/medios-de-vitrificacion-ultra-fast\/\" \/>\n<meta property=\"og:site_name\" content=\"Kitazato IVF\" \/>\n<meta property=\"article:modified_time\" content=\"2026-03-20T10:30:29+00:00\" \/>\n<meta property=\"og:image\" content=\"https:\/\/kitazato-ivf.com\/wp-content\/uploads\/2026\/02\/2.png\" \/>\n\t<meta property=\"og:image:width\" content=\"800\" \/>\n\t<meta property=\"og:image:height\" content=\"600\" \/>\n\t<meta property=\"og:image:type\" content=\"image\/png\" \/>\n<meta name=\"twitter:card\" content=\"summary_large_image\" \/>\n<meta name=\"twitter:label1\" content=\"Tiempo de lectura\" \/>\n\t<meta name=\"twitter:data1\" content=\"1 minuto\" \/>\n<script type=\"application\/ld+json\" class=\"yoast-schema-graph\">{\"@context\":\"https:\/\/schema.org\",\"@graph\":[{\"@type\":\"WebPage\",\"@id\":\"https:\/\/kitazato-ivf.com\/es\/vitrificacion\/medios-de-vitrificacion-ultra-fast\/\",\"url\":\"https:\/\/kitazato-ivf.com\/es\/vitrificacion\/medios-de-vitrificacion-ultra-fast\/\",\"name\":\"Medios de Vitrificaci\u00f3n Ultra-Fast- Kitazato IVF\",\"isPartOf\":{\"@id\":\"https:\/\/kitazato-ivf.com\/#website\"},\"primaryImageOfPage\":{\"@id\":\"https:\/\/kitazato-ivf.com\/es\/vitrificacion\/medios-de-vitrificacion-ultra-fast\/#primaryimage\"},\"image\":{\"@id\":\"https:\/\/kitazato-ivf.com\/es\/vitrificacion\/medios-de-vitrificacion-ultra-fast\/#primaryimage\"},\"thumbnailUrl\":\"https:\/\/kitazato-ivf.com\/wp-content\/uploads\/2026\/02\/2.png\",\"datePublished\":\"2025-06-25T06:51:00+00:00\",\"dateModified\":\"2026-03-20T10:30:29+00:00\",\"description\":\"Gracias a una s\u00f3lida evidencia cient\u00edfica y a una validaci\u00f3n multic\u00e9ntrica, los medios de Vitrificaci\u00f3n Ultra-Fast, garantizan resultados cl\u00ednicos altos y consistentes\",\"breadcrumb\":{\"@id\":\"https:\/\/kitazato-ivf.com\/es\/vitrificacion\/medios-de-vitrificacion-ultra-fast\/#breadcrumb\"},\"inLanguage\":\"es\",\"potentialAction\":[{\"@type\":\"ReadAction\",\"target\":[\"https:\/\/kitazato-ivf.com\/es\/vitrificacion\/medios-de-vitrificacion-ultra-fast\/\"]}]},{\"@type\":\"ImageObject\",\"inLanguage\":\"es\",\"@id\":\"https:\/\/kitazato-ivf.com\/es\/vitrificacion\/medios-de-vitrificacion-ultra-fast\/#primaryimage\",\"url\":\"https:\/\/kitazato-ivf.com\/wp-content\/uploads\/2026\/02\/2.png\",\"contentUrl\":\"https:\/\/kitazato-ivf.com\/wp-content\/uploads\/2026\/02\/2.png\",\"width\":800,\"height\":600,\"caption\":\"2\"},{\"@type\":\"BreadcrumbList\",\"@id\":\"https:\/\/kitazato-ivf.com\/es\/vitrificacion\/medios-de-vitrificacion-ultra-fast\/#breadcrumb\",\"itemListElement\":[{\"@type\":\"ListItem\",\"position\":1,\"name\":\"Home\",\"item\":\"https:\/\/kitazato-ivf.com\/es\/\"},{\"@type\":\"ListItem\",\"position\":2,\"name\":\"Vitrificaci\u00f3n\",\"item\":\"https:\/\/kitazato-ivf.com\/es\/vitrificacion\/\"},{\"@type\":\"ListItem\",\"position\":3,\"name\":\"Medios de Vitrificaci\u00f3n Ultra-Fast\"}]},{\"@type\":\"WebSite\",\"@id\":\"https:\/\/kitazato-ivf.com\/#website\",\"url\":\"https:\/\/kitazato-ivf.com\/\",\"name\":\"Kitazato IVF\",\"description\":\"Quality results for life\",\"potentialAction\":[{\"@type\":\"SearchAction\",\"target\":{\"@type\":\"EntryPoint\",\"urlTemplate\":\"https:\/\/kitazato-ivf.com\/?s={search_term_string}\"},\"query-input\":{\"@type\":\"PropertyValueSpecification\",\"valueRequired\":true,\"valueName\":\"search_term_string\"}}],\"inLanguage\":\"es\"}]}<\/script>\n<!-- \/ Yoast SEO plugin. -->","yoast_head_json":{"title":"Medios de Vitrificaci\u00f3n Ultra-Fast- Kitazato IVF","description":"Gracias a una s\u00f3lida evidencia cient\u00edfica y a una validaci\u00f3n multic\u00e9ntrica, los medios de Vitrificaci\u00f3n Ultra-Fast, garantizan resultados cl\u00ednicos altos y consistentes","robots":{"index":"index","follow":"follow","max-snippet":"max-snippet:-1","max-image-preview":"max-image-preview:large","max-video-preview":"max-video-preview:-1"},"canonical":"https:\/\/kitazato-ivf.com\/es\/vitrificacion\/medios-de-vitrificacion-ultra-fast\/","og_locale":"es_ES","og_type":"article","og_title":"Medios de Vitrificaci\u00f3n Ultra-Fast- Kitazato IVF","og_description":"Gracias a una s\u00f3lida evidencia cient\u00edfica y a una validaci\u00f3n multic\u00e9ntrica, los medios de Vitrificaci\u00f3n Ultra-Fast, garantizan resultados cl\u00ednicos altos y consistentes","og_url":"https:\/\/kitazato-ivf.com\/es\/vitrificacion\/medios-de-vitrificacion-ultra-fast\/","og_site_name":"Kitazato IVF","article_modified_time":"2026-03-20T10:30:29+00:00","og_image":[{"width":800,"height":600,"url":"https:\/\/kitazato-ivf.com\/wp-content\/uploads\/2026\/02\/2.png","type":"image\/png"}],"twitter_card":"summary_large_image","twitter_misc":{"Tiempo de lectura":"1 minuto"},"schema":{"@context":"https:\/\/schema.org","@graph":[{"@type":"WebPage","@id":"https:\/\/kitazato-ivf.com\/es\/vitrificacion\/medios-de-vitrificacion-ultra-fast\/","url":"https:\/\/kitazato-ivf.com\/es\/vitrificacion\/medios-de-vitrificacion-ultra-fast\/","name":"Medios de Vitrificaci\u00f3n Ultra-Fast- Kitazato IVF","isPartOf":{"@id":"https:\/\/kitazato-ivf.com\/#website"},"primaryImageOfPage":{"@id":"https:\/\/kitazato-ivf.com\/es\/vitrificacion\/medios-de-vitrificacion-ultra-fast\/#primaryimage"},"image":{"@id":"https:\/\/kitazato-ivf.com\/es\/vitrificacion\/medios-de-vitrificacion-ultra-fast\/#primaryimage"},"thumbnailUrl":"https:\/\/kitazato-ivf.com\/wp-content\/uploads\/2026\/02\/2.png","datePublished":"2025-06-25T06:51:00+00:00","dateModified":"2026-03-20T10:30:29+00:00","description":"Gracias a una s\u00f3lida evidencia cient\u00edfica y a una validaci\u00f3n multic\u00e9ntrica, los medios de Vitrificaci\u00f3n Ultra-Fast, garantizan resultados cl\u00ednicos altos y consistentes","breadcrumb":{"@id":"https:\/\/kitazato-ivf.com\/es\/vitrificacion\/medios-de-vitrificacion-ultra-fast\/#breadcrumb"},"inLanguage":"es","potentialAction":[{"@type":"ReadAction","target":["https:\/\/kitazato-ivf.com\/es\/vitrificacion\/medios-de-vitrificacion-ultra-fast\/"]}]},{"@type":"ImageObject","inLanguage":"es","@id":"https:\/\/kitazato-ivf.com\/es\/vitrificacion\/medios-de-vitrificacion-ultra-fast\/#primaryimage","url":"https:\/\/kitazato-ivf.com\/wp-content\/uploads\/2026\/02\/2.png","contentUrl":"https:\/\/kitazato-ivf.com\/wp-content\/uploads\/2026\/02\/2.png","width":800,"height":600,"caption":"2"},{"@type":"BreadcrumbList","@id":"https:\/\/kitazato-ivf.com\/es\/vitrificacion\/medios-de-vitrificacion-ultra-fast\/#breadcrumb","itemListElement":[{"@type":"ListItem","position":1,"name":"Home","item":"https:\/\/kitazato-ivf.com\/es\/"},{"@type":"ListItem","position":2,"name":"Vitrificaci\u00f3n","item":"https:\/\/kitazato-ivf.com\/es\/vitrificacion\/"},{"@type":"ListItem","position":3,"name":"Medios de Vitrificaci\u00f3n Ultra-Fast"}]},{"@type":"WebSite","@id":"https:\/\/kitazato-ivf.com\/#website","url":"https:\/\/kitazato-ivf.com\/","name":"Kitazato IVF","description":"Quality results for life","potentialAction":[{"@type":"SearchAction","target":{"@type":"EntryPoint","urlTemplate":"https:\/\/kitazato-ivf.com\/?s={search_term_string}"},"query-input":{"@type":"PropertyValueSpecification","valueRequired":true,"valueName":"search_term_string"}}],"inLanguage":"es"}]}},"_links":{"self":[{"href":"https:\/\/kitazato-ivf.com\/es\/wp-json\/wp\/v2\/pages\/33097","targetHints":{"allow":["GET"]}}],"collection":[{"href":"https:\/\/kitazato-ivf.com\/es\/wp-json\/wp\/v2\/pages"}],"about":[{"href":"https:\/\/kitazato-ivf.com\/es\/wp-json\/wp\/v2\/types\/page"}],"author":[{"embeddable":true,"href":"https:\/\/kitazato-ivf.com\/es\/wp-json\/wp\/v2\/users\/2"}],"replies":[{"embeddable":true,"href":"https:\/\/kitazato-ivf.com\/es\/wp-json\/wp\/v2\/comments?post=33097"}],"version-history":[{"count":27,"href":"https:\/\/kitazato-ivf.com\/es\/wp-json\/wp\/v2\/pages\/33097\/revisions"}],"predecessor-version":[{"id":35287,"href":"https:\/\/kitazato-ivf.com\/es\/wp-json\/wp\/v2\/pages\/33097\/revisions\/35287"}],"up":[{"embeddable":true,"href":"https:\/\/kitazato-ivf.com\/es\/wp-json\/wp\/v2\/pages\/16243"}],"wp:featuredmedia":[{"embeddable":true,"href":"https:\/\/kitazato-ivf.com\/es\/wp-json\/wp\/v2\/media\/35144"}],"wp:attachment":[{"href":"https:\/\/kitazato-ivf.com\/es\/wp-json\/wp\/v2\/media?parent=33097"}],"curies":[{"name":"wp","href":"https:\/\/api.w.org\/{rel}","templated":true}]}}