{"id":30781,"date":"2025-04-07T07:50:16","date_gmt":"2025-04-07T07:50:16","guid":{"rendered":"https:\/\/kitazato-ivf.com\/?page_id=30781"},"modified":"2025-07-07T10:38:06","modified_gmt":"2025-07-07T10:38:06","slug":"sperm-freeze","status":"publish","type":"page","link":"https:\/\/kitazato-ivf.com\/es\/medios-fiv-aceites\/sperm-freeze\/","title":{"rendered":"Sperm Freeze &#038; Sperm Freeze G-Plus"},"content":{"rendered":"","protected":false},"excerpt":{"rendered":"","protected":false},"author":2,"featured_media":30804,"parent":16402,"menu_order":63,"comment_status":"closed","ping_status":"closed","template":"","meta":{"_acf_changed":false,"footnotes":""},"class_list":["post-30781","page","type-page","status-publish","has-post-thumbnail","hentry","entry"],"acf":[],"yoast_head":"<!-- This site is optimized with the Yoast SEO plugin v26.8 - https:\/\/yoast.com\/product\/yoast-seo-wordpress\/ -->\n<title>Media and Oils - Sperm Freeze - Kitazato IVF<\/title>\n<meta name=\"description\" content=\"Sperm Freeze es un medio de criopreservaci\u00f3n dise\u00f1ado para optimizar la supervivencia y funcionalidad de los espermatozoides despu\u00e9s de la congelaci\u00f3n. Contiene HEPES, glicerol y alb\u00famina s\u00e9rica humana como agentes crioprotectores, lo que lo hace ideal para la preservaci\u00f3n de esperma, incluyendo muestras provenientes de biopsias testiculares (TESE).\" \/>\n<meta name=\"robots\" content=\"index, follow, max-snippet:-1, max-image-preview:large, max-video-preview:-1\" \/>\n<link rel=\"canonical\" href=\"https:\/\/kitazato-ivf.com\/es\/medios-fiv-aceites\/sperm-freeze\/\" \/>\n<meta property=\"og:locale\" content=\"es_ES\" \/>\n<meta property=\"og:type\" content=\"article\" \/>\n<meta property=\"og:title\" content=\"Media and Oils - Sperm Freeze - Kitazato IVF\" \/>\n<meta property=\"og:description\" content=\"Sperm Freeze es un medio de criopreservaci\u00f3n dise\u00f1ado para optimizar la supervivencia y funcionalidad de los espermatozoides despu\u00e9s de la congelaci\u00f3n. Contiene HEPES, glicerol y alb\u00famina s\u00e9rica humana como agentes crioprotectores, lo que lo hace ideal para la preservaci\u00f3n de esperma, incluyendo muestras provenientes de biopsias testiculares (TESE).\" \/>\n<meta property=\"og:url\" content=\"https:\/\/kitazato-ivf.com\/es\/medios-fiv-aceites\/sperm-freeze\/\" \/>\n<meta property=\"og:site_name\" content=\"Kitazato IVF\" \/>\n<meta property=\"article:modified_time\" content=\"2025-07-07T10:38:06+00:00\" \/>\n<meta property=\"og:image\" content=\"https:\/\/kitazato-ivf.com\/wp-content\/uploads\/2025\/02\/Sperm-Freeze-GPlus-5x1-3.png\" \/>\n\t<meta property=\"og:image:width\" content=\"500\" \/>\n\t<meta property=\"og:image:height\" content=\"500\" \/>\n\t<meta property=\"og:image:type\" content=\"image\/png\" \/>\n<meta name=\"twitter:card\" content=\"summary_large_image\" \/>\n<meta name=\"twitter:label1\" content=\"Tiempo de lectura\" \/>\n\t<meta name=\"twitter:data1\" content=\"1 minuto\" \/>\n<script type=\"application\/ld+json\" class=\"yoast-schema-graph\">{\"@context\":\"https:\/\/schema.org\",\"@graph\":[{\"@type\":\"WebPage\",\"@id\":\"https:\/\/kitazato-ivf.com\/es\/medios-fiv-aceites\/sperm-freeze\/\",\"url\":\"https:\/\/kitazato-ivf.com\/es\/medios-fiv-aceites\/sperm-freeze\/\",\"name\":\"Media and Oils - Sperm Freeze - Kitazato IVF\",\"isPartOf\":{\"@id\":\"https:\/\/kitazato-ivf.com\/#website\"},\"primaryImageOfPage\":{\"@id\":\"https:\/\/kitazato-ivf.com\/es\/medios-fiv-aceites\/sperm-freeze\/#primaryimage\"},\"image\":{\"@id\":\"https:\/\/kitazato-ivf.com\/es\/medios-fiv-aceites\/sperm-freeze\/#primaryimage\"},\"thumbnailUrl\":\"https:\/\/kitazato-ivf.com\/wp-content\/uploads\/2025\/02\/Sperm-Freeze-GPlus-5x1-3.png\",\"datePublished\":\"2025-04-07T07:50:16+00:00\",\"dateModified\":\"2025-07-07T10:38:06+00:00\",\"description\":\"Sperm Freeze es un medio de criopreservaci\u00f3n dise\u00f1ado para optimizar la supervivencia y funcionalidad de los espermatozoides despu\u00e9s de la congelaci\u00f3n. Contiene HEPES, glicerol y alb\u00famina s\u00e9rica humana como agentes crioprotectores, lo que lo hace ideal para la preservaci\u00f3n de esperma, incluyendo muestras provenientes de biopsias testiculares (TESE).\",\"breadcrumb\":{\"@id\":\"https:\/\/kitazato-ivf.com\/es\/medios-fiv-aceites\/sperm-freeze\/#breadcrumb\"},\"inLanguage\":\"es\",\"potentialAction\":[{\"@type\":\"ReadAction\",\"target\":[\"https:\/\/kitazato-ivf.com\/es\/medios-fiv-aceites\/sperm-freeze\/\"]}]},{\"@type\":\"ImageObject\",\"inLanguage\":\"es\",\"@id\":\"https:\/\/kitazato-ivf.com\/es\/medios-fiv-aceites\/sperm-freeze\/#primaryimage\",\"url\":\"https:\/\/kitazato-ivf.com\/wp-content\/uploads\/2025\/02\/Sperm-Freeze-GPlus-5x1-3.png\",\"contentUrl\":\"https:\/\/kitazato-ivf.com\/wp-content\/uploads\/2025\/02\/Sperm-Freeze-GPlus-5x1-3.png\",\"width\":500,\"height\":500},{\"@type\":\"BreadcrumbList\",\"@id\":\"https:\/\/kitazato-ivf.com\/es\/medios-fiv-aceites\/sperm-freeze\/#breadcrumb\",\"itemListElement\":[{\"@type\":\"ListItem\",\"position\":1,\"name\":\"Home\",\"item\":\"https:\/\/kitazato-ivf.com\/es\/\"},{\"@type\":\"ListItem\",\"position\":2,\"name\":\"Medios y aceites\",\"item\":\"https:\/\/kitazato-ivf.com\/es\/medios-fiv-aceites\/\"},{\"@type\":\"ListItem\",\"position\":3,\"name\":\"Sperm Freeze &#038; Sperm Freeze G-Plus\"}]},{\"@type\":\"WebSite\",\"@id\":\"https:\/\/kitazato-ivf.com\/#website\",\"url\":\"https:\/\/kitazato-ivf.com\/\",\"name\":\"Kitazato IVF\",\"description\":\"Quality results for life\",\"potentialAction\":[{\"@type\":\"SearchAction\",\"target\":{\"@type\":\"EntryPoint\",\"urlTemplate\":\"https:\/\/kitazato-ivf.com\/?s={search_term_string}\"},\"query-input\":{\"@type\":\"PropertyValueSpecification\",\"valueRequired\":true,\"valueName\":\"search_term_string\"}}],\"inLanguage\":\"es\"}]}<\/script>\n<!-- \/ Yoast SEO plugin. -->","yoast_head_json":{"title":"Media and Oils - Sperm Freeze - Kitazato IVF","description":"Sperm Freeze es un medio de criopreservaci\u00f3n dise\u00f1ado para optimizar la supervivencia y funcionalidad de los espermatozoides despu\u00e9s de la congelaci\u00f3n. Contiene HEPES, glicerol y alb\u00famina s\u00e9rica humana como agentes crioprotectores, lo que lo hace ideal para la preservaci\u00f3n de esperma, incluyendo muestras provenientes de biopsias testiculares (TESE).","robots":{"index":"index","follow":"follow","max-snippet":"max-snippet:-1","max-image-preview":"max-image-preview:large","max-video-preview":"max-video-preview:-1"},"canonical":"https:\/\/kitazato-ivf.com\/es\/medios-fiv-aceites\/sperm-freeze\/","og_locale":"es_ES","og_type":"article","og_title":"Media and Oils - Sperm Freeze - Kitazato IVF","og_description":"Sperm Freeze es un medio de criopreservaci\u00f3n dise\u00f1ado para optimizar la supervivencia y funcionalidad de los espermatozoides despu\u00e9s de la congelaci\u00f3n. Contiene HEPES, glicerol y alb\u00famina s\u00e9rica humana como agentes crioprotectores, lo que lo hace ideal para la preservaci\u00f3n de esperma, incluyendo muestras provenientes de biopsias testiculares (TESE).","og_url":"https:\/\/kitazato-ivf.com\/es\/medios-fiv-aceites\/sperm-freeze\/","og_site_name":"Kitazato IVF","article_modified_time":"2025-07-07T10:38:06+00:00","og_image":[{"width":500,"height":500,"url":"https:\/\/kitazato-ivf.com\/wp-content\/uploads\/2025\/02\/Sperm-Freeze-GPlus-5x1-3.png","type":"image\/png"}],"twitter_card":"summary_large_image","twitter_misc":{"Tiempo de lectura":"1 minuto"},"schema":{"@context":"https:\/\/schema.org","@graph":[{"@type":"WebPage","@id":"https:\/\/kitazato-ivf.com\/es\/medios-fiv-aceites\/sperm-freeze\/","url":"https:\/\/kitazato-ivf.com\/es\/medios-fiv-aceites\/sperm-freeze\/","name":"Media and Oils - Sperm Freeze - Kitazato IVF","isPartOf":{"@id":"https:\/\/kitazato-ivf.com\/#website"},"primaryImageOfPage":{"@id":"https:\/\/kitazato-ivf.com\/es\/medios-fiv-aceites\/sperm-freeze\/#primaryimage"},"image":{"@id":"https:\/\/kitazato-ivf.com\/es\/medios-fiv-aceites\/sperm-freeze\/#primaryimage"},"thumbnailUrl":"https:\/\/kitazato-ivf.com\/wp-content\/uploads\/2025\/02\/Sperm-Freeze-GPlus-5x1-3.png","datePublished":"2025-04-07T07:50:16+00:00","dateModified":"2025-07-07T10:38:06+00:00","description":"Sperm Freeze es un medio de criopreservaci\u00f3n dise\u00f1ado para optimizar la supervivencia y funcionalidad de los espermatozoides despu\u00e9s de la congelaci\u00f3n. Contiene HEPES, glicerol y alb\u00famina s\u00e9rica humana como agentes crioprotectores, lo que lo hace ideal para la preservaci\u00f3n de esperma, incluyendo muestras provenientes de biopsias testiculares (TESE).","breadcrumb":{"@id":"https:\/\/kitazato-ivf.com\/es\/medios-fiv-aceites\/sperm-freeze\/#breadcrumb"},"inLanguage":"es","potentialAction":[{"@type":"ReadAction","target":["https:\/\/kitazato-ivf.com\/es\/medios-fiv-aceites\/sperm-freeze\/"]}]},{"@type":"ImageObject","inLanguage":"es","@id":"https:\/\/kitazato-ivf.com\/es\/medios-fiv-aceites\/sperm-freeze\/#primaryimage","url":"https:\/\/kitazato-ivf.com\/wp-content\/uploads\/2025\/02\/Sperm-Freeze-GPlus-5x1-3.png","contentUrl":"https:\/\/kitazato-ivf.com\/wp-content\/uploads\/2025\/02\/Sperm-Freeze-GPlus-5x1-3.png","width":500,"height":500},{"@type":"BreadcrumbList","@id":"https:\/\/kitazato-ivf.com\/es\/medios-fiv-aceites\/sperm-freeze\/#breadcrumb","itemListElement":[{"@type":"ListItem","position":1,"name":"Home","item":"https:\/\/kitazato-ivf.com\/es\/"},{"@type":"ListItem","position":2,"name":"Medios y aceites","item":"https:\/\/kitazato-ivf.com\/es\/medios-fiv-aceites\/"},{"@type":"ListItem","position":3,"name":"Sperm Freeze &#038; Sperm Freeze G-Plus"}]},{"@type":"WebSite","@id":"https:\/\/kitazato-ivf.com\/#website","url":"https:\/\/kitazato-ivf.com\/","name":"Kitazato IVF","description":"Quality results for life","potentialAction":[{"@type":"SearchAction","target":{"@type":"EntryPoint","urlTemplate":"https:\/\/kitazato-ivf.com\/?s={search_term_string}"},"query-input":{"@type":"PropertyValueSpecification","valueRequired":true,"valueName":"search_term_string"}}],"inLanguage":"es"}]}},"_links":{"self":[{"href":"https:\/\/kitazato-ivf.com\/es\/wp-json\/wp\/v2\/pages\/30781","targetHints":{"allow":["GET"]}}],"collection":[{"href":"https:\/\/kitazato-ivf.com\/es\/wp-json\/wp\/v2\/pages"}],"about":[{"href":"https:\/\/kitazato-ivf.com\/es\/wp-json\/wp\/v2\/types\/page"}],"author":[{"embeddable":true,"href":"https:\/\/kitazato-ivf.com\/es\/wp-json\/wp\/v2\/users\/2"}],"replies":[{"embeddable":true,"href":"https:\/\/kitazato-ivf.com\/es\/wp-json\/wp\/v2\/comments?post=30781"}],"version-history":[{"count":5,"href":"https:\/\/kitazato-ivf.com\/es\/wp-json\/wp\/v2\/pages\/30781\/revisions"}],"predecessor-version":[{"id":33954,"href":"https:\/\/kitazato-ivf.com\/es\/wp-json\/wp\/v2\/pages\/30781\/revisions\/33954"}],"up":[{"embeddable":true,"href":"https:\/\/kitazato-ivf.com\/es\/wp-json\/wp\/v2\/pages\/16402"}],"wp:featuredmedia":[{"embeddable":true,"href":"https:\/\/kitazato-ivf.com\/es\/wp-json\/wp\/v2\/media\/30804"}],"wp:attachment":[{"href":"https:\/\/kitazato-ivf.com\/es\/wp-json\/wp\/v2\/media?parent=30781"}],"curies":[{"name":"wp","href":"https:\/\/api.w.org\/{rel}","templated":true}]}}