{"id":30777,"date":"2025-04-07T07:23:09","date_gmt":"2025-04-07T07:23:09","guid":{"rendered":"https:\/\/kitazato-ivf.com\/?page_id=30777"},"modified":"2025-07-07T10:33:46","modified_gmt":"2025-07-07T10:33:46","slug":"flushing-buffer","status":"publish","type":"page","link":"https:\/\/kitazato-ivf.com\/es\/medios-fiv-aceites\/flushing-buffer\/","title":{"rendered":"Flushing Buffer"},"content":{"rendered":"","protected":false},"excerpt":{"rendered":"","protected":false},"author":2,"featured_media":30796,"parent":16402,"menu_order":55,"comment_status":"closed","ping_status":"closed","template":"","meta":{"_acf_changed":false,"footnotes":""},"class_list":["post-30777","page","type-page","status-publish","has-post-thumbnail","hentry","entry"],"acf":[],"yoast_head":"<!-- This site is optimized with the Yoast SEO plugin v26.8 - https:\/\/yoast.com\/product\/yoast-seo-wordpress\/ -->\n<title>Medios y Aceites - Flushing Buffer - Kitazato IVF<\/title>\n<meta name=\"description\" content=\"Flushing Buffer es una soluci\u00f3n tamponada utilizada en la aspiraci\u00f3n folicular durante tratamientos de fertilidad. Su formulaci\u00f3n est\u00e9ril y equilibrada ayuda a mantener la viabilidad de los ovocitos, reduciendo el estr\u00e9s celular y mejorando los resultados de la fecundaci\u00f3n in vitro.\" \/>\n<meta name=\"robots\" content=\"index, follow, max-snippet:-1, max-image-preview:large, max-video-preview:-1\" \/>\n<link rel=\"canonical\" href=\"https:\/\/kitazato-ivf.com\/es\/medios-fiv-aceites\/flushing-buffer\/\" \/>\n<meta property=\"og:locale\" content=\"es_ES\" \/>\n<meta property=\"og:type\" content=\"article\" \/>\n<meta property=\"og:title\" content=\"Medios y Aceites - Flushing Buffer - Kitazato IVF\" \/>\n<meta property=\"og:description\" content=\"Flushing Buffer es una soluci\u00f3n tamponada utilizada en la aspiraci\u00f3n folicular durante tratamientos de fertilidad. Su formulaci\u00f3n est\u00e9ril y equilibrada ayuda a mantener la viabilidad de los ovocitos, reduciendo el estr\u00e9s celular y mejorando los resultados de la fecundaci\u00f3n in vitro.\" \/>\n<meta property=\"og:url\" content=\"https:\/\/kitazato-ivf.com\/es\/medios-fiv-aceites\/flushing-buffer\/\" \/>\n<meta property=\"og:site_name\" content=\"Kitazato IVF\" \/>\n<meta property=\"article:modified_time\" content=\"2025-07-07T10:33:46+00:00\" \/>\n<meta property=\"og:image\" content=\"https:\/\/kitazato-ivf.com\/wp-content\/uploads\/2025\/02\/Flushing-Buffer.png\" \/>\n\t<meta property=\"og:image:width\" content=\"500\" \/>\n\t<meta property=\"og:image:height\" content=\"500\" \/>\n\t<meta property=\"og:image:type\" content=\"image\/png\" \/>\n<meta name=\"twitter:card\" content=\"summary_large_image\" \/>\n<meta name=\"twitter:label1\" content=\"Tiempo de lectura\" \/>\n\t<meta name=\"twitter:data1\" content=\"1 minuto\" \/>\n<script type=\"application\/ld+json\" class=\"yoast-schema-graph\">{\"@context\":\"https:\/\/schema.org\",\"@graph\":[{\"@type\":\"WebPage\",\"@id\":\"https:\/\/kitazato-ivf.com\/es\/medios-fiv-aceites\/flushing-buffer\/\",\"url\":\"https:\/\/kitazato-ivf.com\/es\/medios-fiv-aceites\/flushing-buffer\/\",\"name\":\"Medios y Aceites - Flushing Buffer - Kitazato IVF\",\"isPartOf\":{\"@id\":\"https:\/\/kitazato-ivf.com\/#website\"},\"primaryImageOfPage\":{\"@id\":\"https:\/\/kitazato-ivf.com\/es\/medios-fiv-aceites\/flushing-buffer\/#primaryimage\"},\"image\":{\"@id\":\"https:\/\/kitazato-ivf.com\/es\/medios-fiv-aceites\/flushing-buffer\/#primaryimage\"},\"thumbnailUrl\":\"https:\/\/kitazato-ivf.com\/wp-content\/uploads\/2025\/02\/Flushing-Buffer.png\",\"datePublished\":\"2025-04-07T07:23:09+00:00\",\"dateModified\":\"2025-07-07T10:33:46+00:00\",\"description\":\"Flushing Buffer es una soluci\u00f3n tamponada utilizada en la aspiraci\u00f3n folicular durante tratamientos de fertilidad. Su formulaci\u00f3n est\u00e9ril y equilibrada ayuda a mantener la viabilidad de los ovocitos, reduciendo el estr\u00e9s celular y mejorando los resultados de la fecundaci\u00f3n in vitro.\",\"breadcrumb\":{\"@id\":\"https:\/\/kitazato-ivf.com\/es\/medios-fiv-aceites\/flushing-buffer\/#breadcrumb\"},\"inLanguage\":\"es\",\"potentialAction\":[{\"@type\":\"ReadAction\",\"target\":[\"https:\/\/kitazato-ivf.com\/es\/medios-fiv-aceites\/flushing-buffer\/\"]}]},{\"@type\":\"ImageObject\",\"inLanguage\":\"es\",\"@id\":\"https:\/\/kitazato-ivf.com\/es\/medios-fiv-aceites\/flushing-buffer\/#primaryimage\",\"url\":\"https:\/\/kitazato-ivf.com\/wp-content\/uploads\/2025\/02\/Flushing-Buffer.png\",\"contentUrl\":\"https:\/\/kitazato-ivf.com\/wp-content\/uploads\/2025\/02\/Flushing-Buffer.png\",\"width\":500,\"height\":500},{\"@type\":\"BreadcrumbList\",\"@id\":\"https:\/\/kitazato-ivf.com\/es\/medios-fiv-aceites\/flushing-buffer\/#breadcrumb\",\"itemListElement\":[{\"@type\":\"ListItem\",\"position\":1,\"name\":\"Home\",\"item\":\"https:\/\/kitazato-ivf.com\/es\/\"},{\"@type\":\"ListItem\",\"position\":2,\"name\":\"Medios y aceites\",\"item\":\"https:\/\/kitazato-ivf.com\/es\/medios-fiv-aceites\/\"},{\"@type\":\"ListItem\",\"position\":3,\"name\":\"Flushing Buffer\"}]},{\"@type\":\"WebSite\",\"@id\":\"https:\/\/kitazato-ivf.com\/#website\",\"url\":\"https:\/\/kitazato-ivf.com\/\",\"name\":\"Kitazato IVF\",\"description\":\"Quality results for life\",\"potentialAction\":[{\"@type\":\"SearchAction\",\"target\":{\"@type\":\"EntryPoint\",\"urlTemplate\":\"https:\/\/kitazato-ivf.com\/?s={search_term_string}\"},\"query-input\":{\"@type\":\"PropertyValueSpecification\",\"valueRequired\":true,\"valueName\":\"search_term_string\"}}],\"inLanguage\":\"es\"}]}<\/script>\n<!-- \/ Yoast SEO plugin. -->","yoast_head_json":{"title":"Medios y Aceites - Flushing Buffer - Kitazato IVF","description":"Flushing Buffer es una soluci\u00f3n tamponada utilizada en la aspiraci\u00f3n folicular durante tratamientos de fertilidad. Su formulaci\u00f3n est\u00e9ril y equilibrada ayuda a mantener la viabilidad de los ovocitos, reduciendo el estr\u00e9s celular y mejorando los resultados de la fecundaci\u00f3n in vitro.","robots":{"index":"index","follow":"follow","max-snippet":"max-snippet:-1","max-image-preview":"max-image-preview:large","max-video-preview":"max-video-preview:-1"},"canonical":"https:\/\/kitazato-ivf.com\/es\/medios-fiv-aceites\/flushing-buffer\/","og_locale":"es_ES","og_type":"article","og_title":"Medios y Aceites - Flushing Buffer - Kitazato IVF","og_description":"Flushing Buffer es una soluci\u00f3n tamponada utilizada en la aspiraci\u00f3n folicular durante tratamientos de fertilidad. Su formulaci\u00f3n est\u00e9ril y equilibrada ayuda a mantener la viabilidad de los ovocitos, reduciendo el estr\u00e9s celular y mejorando los resultados de la fecundaci\u00f3n in vitro.","og_url":"https:\/\/kitazato-ivf.com\/es\/medios-fiv-aceites\/flushing-buffer\/","og_site_name":"Kitazato IVF","article_modified_time":"2025-07-07T10:33:46+00:00","og_image":[{"width":500,"height":500,"url":"https:\/\/kitazato-ivf.com\/wp-content\/uploads\/2025\/02\/Flushing-Buffer.png","type":"image\/png"}],"twitter_card":"summary_large_image","twitter_misc":{"Tiempo de lectura":"1 minuto"},"schema":{"@context":"https:\/\/schema.org","@graph":[{"@type":"WebPage","@id":"https:\/\/kitazato-ivf.com\/es\/medios-fiv-aceites\/flushing-buffer\/","url":"https:\/\/kitazato-ivf.com\/es\/medios-fiv-aceites\/flushing-buffer\/","name":"Medios y Aceites - Flushing Buffer - Kitazato IVF","isPartOf":{"@id":"https:\/\/kitazato-ivf.com\/#website"},"primaryImageOfPage":{"@id":"https:\/\/kitazato-ivf.com\/es\/medios-fiv-aceites\/flushing-buffer\/#primaryimage"},"image":{"@id":"https:\/\/kitazato-ivf.com\/es\/medios-fiv-aceites\/flushing-buffer\/#primaryimage"},"thumbnailUrl":"https:\/\/kitazato-ivf.com\/wp-content\/uploads\/2025\/02\/Flushing-Buffer.png","datePublished":"2025-04-07T07:23:09+00:00","dateModified":"2025-07-07T10:33:46+00:00","description":"Flushing Buffer es una soluci\u00f3n tamponada utilizada en la aspiraci\u00f3n folicular durante tratamientos de fertilidad. Su formulaci\u00f3n est\u00e9ril y equilibrada ayuda a mantener la viabilidad de los ovocitos, reduciendo el estr\u00e9s celular y mejorando los resultados de la fecundaci\u00f3n in vitro.","breadcrumb":{"@id":"https:\/\/kitazato-ivf.com\/es\/medios-fiv-aceites\/flushing-buffer\/#breadcrumb"},"inLanguage":"es","potentialAction":[{"@type":"ReadAction","target":["https:\/\/kitazato-ivf.com\/es\/medios-fiv-aceites\/flushing-buffer\/"]}]},{"@type":"ImageObject","inLanguage":"es","@id":"https:\/\/kitazato-ivf.com\/es\/medios-fiv-aceites\/flushing-buffer\/#primaryimage","url":"https:\/\/kitazato-ivf.com\/wp-content\/uploads\/2025\/02\/Flushing-Buffer.png","contentUrl":"https:\/\/kitazato-ivf.com\/wp-content\/uploads\/2025\/02\/Flushing-Buffer.png","width":500,"height":500},{"@type":"BreadcrumbList","@id":"https:\/\/kitazato-ivf.com\/es\/medios-fiv-aceites\/flushing-buffer\/#breadcrumb","itemListElement":[{"@type":"ListItem","position":1,"name":"Home","item":"https:\/\/kitazato-ivf.com\/es\/"},{"@type":"ListItem","position":2,"name":"Medios y aceites","item":"https:\/\/kitazato-ivf.com\/es\/medios-fiv-aceites\/"},{"@type":"ListItem","position":3,"name":"Flushing Buffer"}]},{"@type":"WebSite","@id":"https:\/\/kitazato-ivf.com\/#website","url":"https:\/\/kitazato-ivf.com\/","name":"Kitazato IVF","description":"Quality results for life","potentialAction":[{"@type":"SearchAction","target":{"@type":"EntryPoint","urlTemplate":"https:\/\/kitazato-ivf.com\/?s={search_term_string}"},"query-input":{"@type":"PropertyValueSpecification","valueRequired":true,"valueName":"search_term_string"}}],"inLanguage":"es"}]}},"_links":{"self":[{"href":"https:\/\/kitazato-ivf.com\/es\/wp-json\/wp\/v2\/pages\/30777","targetHints":{"allow":["GET"]}}],"collection":[{"href":"https:\/\/kitazato-ivf.com\/es\/wp-json\/wp\/v2\/pages"}],"about":[{"href":"https:\/\/kitazato-ivf.com\/es\/wp-json\/wp\/v2\/types\/page"}],"author":[{"embeddable":true,"href":"https:\/\/kitazato-ivf.com\/es\/wp-json\/wp\/v2\/users\/2"}],"replies":[{"embeddable":true,"href":"https:\/\/kitazato-ivf.com\/es\/wp-json\/wp\/v2\/comments?post=30777"}],"version-history":[{"count":9,"href":"https:\/\/kitazato-ivf.com\/es\/wp-json\/wp\/v2\/pages\/30777\/revisions"}],"predecessor-version":[{"id":33948,"href":"https:\/\/kitazato-ivf.com\/es\/wp-json\/wp\/v2\/pages\/30777\/revisions\/33948"}],"up":[{"embeddable":true,"href":"https:\/\/kitazato-ivf.com\/es\/wp-json\/wp\/v2\/pages\/16402"}],"wp:featuredmedia":[{"embeddable":true,"href":"https:\/\/kitazato-ivf.com\/es\/wp-json\/wp\/v2\/media\/30796"}],"wp:attachment":[{"href":"https:\/\/kitazato-ivf.com\/es\/wp-json\/wp\/v2\/media?parent=30777"}],"curies":[{"name":"wp","href":"https:\/\/api.w.org\/{rel}","templated":true}]}}