{"id":30499,"date":"2024-09-09T14:15:29","date_gmt":"2024-09-09T14:15:29","guid":{"rendered":"https:\/\/kitazato-ivf.com\/cateteres-transferencia-embrionaria-inseminacion\/ryden-catheter\/"},"modified":"2025-07-07T10:44:56","modified_gmt":"2025-07-07T10:44:56","slug":"cateter-ryden","status":"publish","type":"page","link":"https:\/\/kitazato-ivf.com\/es\/cateteres-transferencia-embrionaria-inseminacion\/cateter-ryden\/","title":{"rendered":"RYDEN ET Catheter"},"content":{"rendered":"","protected":false},"excerpt":{"rendered":"","protected":false},"author":2,"featured_media":27814,"parent":16719,"menu_order":52,"comment_status":"closed","ping_status":"closed","template":"","meta":{"_acf_changed":false,"footnotes":""},"class_list":["post-30499","page","type-page","status-publish","has-post-thumbnail","hentry","entry"],"acf":[],"yoast_head":"<!-- This site is optimized with the Yoast SEO plugin v26.8 - https:\/\/yoast.com\/product\/yoast-seo-wordpress\/ -->\n<title>RYDEN Cat\u00e9ter Precurvado Ecog\u00e9nico - Kitazato IVF<\/title>\n<meta name=\"description\" content=\"El cat\u00e9ter RYDEN de Kitazato es un cat\u00e9ter precurvado que ofrece una gran rigidez y una visualizaci\u00f3n superior gracias a su soporte met\u00e1lico y a la ecogenicidad a lo largo de todo el cat\u00e9ter.\" \/>\n<meta name=\"robots\" content=\"index, follow, max-snippet:-1, max-image-preview:large, max-video-preview:-1\" \/>\n<link rel=\"canonical\" href=\"https:\/\/kitazato-ivf.com\/es\/cateteres-transferencia-embrionaria-inseminacion\/cateter-ryden\/\" \/>\n<meta property=\"og:locale\" content=\"es_ES\" \/>\n<meta property=\"og:type\" content=\"article\" \/>\n<meta property=\"og:title\" content=\"RYDEN Cat\u00e9ter Precurvado Ecog\u00e9nico - Kitazato IVF\" \/>\n<meta property=\"og:description\" content=\"El cat\u00e9ter RYDEN de Kitazato es un cat\u00e9ter precurvado que ofrece una gran rigidez y una visualizaci\u00f3n superior gracias a su soporte met\u00e1lico y a la ecogenicidad a lo largo de todo el cat\u00e9ter.\" \/>\n<meta property=\"og:url\" content=\"https:\/\/kitazato-ivf.com\/es\/cateteres-transferencia-embrionaria-inseminacion\/cateter-ryden\/\" \/>\n<meta property=\"og:site_name\" content=\"Kitazato IVF\" \/>\n<meta property=\"article:modified_time\" content=\"2025-07-07T10:44:56+00:00\" \/>\n<meta property=\"og:image\" content=\"https:\/\/kitazato-ivf.com\/wp-content\/uploads\/2024\/09\/3cateteres-013-copia-scaled.jpg\" \/>\n\t<meta property=\"og:image:width\" content=\"2560\" \/>\n\t<meta property=\"og:image:height\" content=\"1709\" \/>\n\t<meta property=\"og:image:type\" content=\"image\/jpeg\" \/>\n<meta name=\"twitter:card\" content=\"summary_large_image\" \/>\n<meta name=\"twitter:label1\" content=\"Tiempo de lectura\" \/>\n\t<meta name=\"twitter:data1\" content=\"1 minuto\" \/>\n<script type=\"application\/ld+json\" class=\"yoast-schema-graph\">{\"@context\":\"https:\/\/schema.org\",\"@graph\":[{\"@type\":\"WebPage\",\"@id\":\"https:\/\/kitazato-ivf.com\/es\/cateteres-transferencia-embrionaria-inseminacion\/cateter-ryden\/\",\"url\":\"https:\/\/kitazato-ivf.com\/es\/cateteres-transferencia-embrionaria-inseminacion\/cateter-ryden\/\",\"name\":\"RYDEN Cat\u00e9ter Precurvado Ecog\u00e9nico - Kitazato IVF\",\"isPartOf\":{\"@id\":\"https:\/\/kitazato-ivf.com\/#website\"},\"primaryImageOfPage\":{\"@id\":\"https:\/\/kitazato-ivf.com\/es\/cateteres-transferencia-embrionaria-inseminacion\/cateter-ryden\/#primaryimage\"},\"image\":{\"@id\":\"https:\/\/kitazato-ivf.com\/es\/cateteres-transferencia-embrionaria-inseminacion\/cateter-ryden\/#primaryimage\"},\"thumbnailUrl\":\"https:\/\/kitazato-ivf.com\/wp-content\/uploads\/2024\/09\/3cateteres-013-copia-scaled.jpg\",\"datePublished\":\"2024-09-09T14:15:29+00:00\",\"dateModified\":\"2025-07-07T10:44:56+00:00\",\"description\":\"El cat\u00e9ter RYDEN de Kitazato es un cat\u00e9ter precurvado que ofrece una gran rigidez y una visualizaci\u00f3n superior gracias a su soporte met\u00e1lico y a la ecogenicidad a lo largo de todo el cat\u00e9ter.\",\"breadcrumb\":{\"@id\":\"https:\/\/kitazato-ivf.com\/es\/cateteres-transferencia-embrionaria-inseminacion\/cateter-ryden\/#breadcrumb\"},\"inLanguage\":\"es\",\"potentialAction\":[{\"@type\":\"ReadAction\",\"target\":[\"https:\/\/kitazato-ivf.com\/es\/cateteres-transferencia-embrionaria-inseminacion\/cateter-ryden\/\"]}]},{\"@type\":\"ImageObject\",\"inLanguage\":\"es\",\"@id\":\"https:\/\/kitazato-ivf.com\/es\/cateteres-transferencia-embrionaria-inseminacion\/cateter-ryden\/#primaryimage\",\"url\":\"https:\/\/kitazato-ivf.com\/wp-content\/uploads\/2024\/09\/3cateteres-013-copia-scaled.jpg\",\"contentUrl\":\"https:\/\/kitazato-ivf.com\/wp-content\/uploads\/2024\/09\/3cateteres-013-copia-scaled.jpg\",\"width\":2560,\"height\":1709,\"caption\":\"RYDEN Catheter\"},{\"@type\":\"BreadcrumbList\",\"@id\":\"https:\/\/kitazato-ivf.com\/es\/cateteres-transferencia-embrionaria-inseminacion\/cateter-ryden\/#breadcrumb\",\"itemListElement\":[{\"@type\":\"ListItem\",\"position\":1,\"name\":\"Home\",\"item\":\"https:\/\/kitazato-ivf.com\/es\/\"},{\"@type\":\"ListItem\",\"position\":2,\"name\":\"Cat\u00e9teres de Transferencia Embrionaria e Inseminaci\u00f3n\",\"item\":\"https:\/\/kitazato-ivf.com\/es\/cateteres-transferencia-embrionaria-inseminacion\/\"},{\"@type\":\"ListItem\",\"position\":3,\"name\":\"RYDEN ET Catheter\"}]},{\"@type\":\"WebSite\",\"@id\":\"https:\/\/kitazato-ivf.com\/#website\",\"url\":\"https:\/\/kitazato-ivf.com\/\",\"name\":\"Kitazato IVF\",\"description\":\"Quality results for life\",\"potentialAction\":[{\"@type\":\"SearchAction\",\"target\":{\"@type\":\"EntryPoint\",\"urlTemplate\":\"https:\/\/kitazato-ivf.com\/?s={search_term_string}\"},\"query-input\":{\"@type\":\"PropertyValueSpecification\",\"valueRequired\":true,\"valueName\":\"search_term_string\"}}],\"inLanguage\":\"es\"}]}<\/script>\n<!-- \/ Yoast SEO plugin. -->","yoast_head_json":{"title":"RYDEN Cat\u00e9ter Precurvado Ecog\u00e9nico - Kitazato IVF","description":"El cat\u00e9ter RYDEN de Kitazato es un cat\u00e9ter precurvado que ofrece una gran rigidez y una visualizaci\u00f3n superior gracias a su soporte met\u00e1lico y a la ecogenicidad a lo largo de todo el cat\u00e9ter.","robots":{"index":"index","follow":"follow","max-snippet":"max-snippet:-1","max-image-preview":"max-image-preview:large","max-video-preview":"max-video-preview:-1"},"canonical":"https:\/\/kitazato-ivf.com\/es\/cateteres-transferencia-embrionaria-inseminacion\/cateter-ryden\/","og_locale":"es_ES","og_type":"article","og_title":"RYDEN Cat\u00e9ter Precurvado Ecog\u00e9nico - Kitazato IVF","og_description":"El cat\u00e9ter RYDEN de Kitazato es un cat\u00e9ter precurvado que ofrece una gran rigidez y una visualizaci\u00f3n superior gracias a su soporte met\u00e1lico y a la ecogenicidad a lo largo de todo el cat\u00e9ter.","og_url":"https:\/\/kitazato-ivf.com\/es\/cateteres-transferencia-embrionaria-inseminacion\/cateter-ryden\/","og_site_name":"Kitazato IVF","article_modified_time":"2025-07-07T10:44:56+00:00","og_image":[{"width":2560,"height":1709,"url":"https:\/\/kitazato-ivf.com\/wp-content\/uploads\/2024\/09\/3cateteres-013-copia-scaled.jpg","type":"image\/jpeg"}],"twitter_card":"summary_large_image","twitter_misc":{"Tiempo de lectura":"1 minuto"},"schema":{"@context":"https:\/\/schema.org","@graph":[{"@type":"WebPage","@id":"https:\/\/kitazato-ivf.com\/es\/cateteres-transferencia-embrionaria-inseminacion\/cateter-ryden\/","url":"https:\/\/kitazato-ivf.com\/es\/cateteres-transferencia-embrionaria-inseminacion\/cateter-ryden\/","name":"RYDEN Cat\u00e9ter Precurvado Ecog\u00e9nico - Kitazato IVF","isPartOf":{"@id":"https:\/\/kitazato-ivf.com\/#website"},"primaryImageOfPage":{"@id":"https:\/\/kitazato-ivf.com\/es\/cateteres-transferencia-embrionaria-inseminacion\/cateter-ryden\/#primaryimage"},"image":{"@id":"https:\/\/kitazato-ivf.com\/es\/cateteres-transferencia-embrionaria-inseminacion\/cateter-ryden\/#primaryimage"},"thumbnailUrl":"https:\/\/kitazato-ivf.com\/wp-content\/uploads\/2024\/09\/3cateteres-013-copia-scaled.jpg","datePublished":"2024-09-09T14:15:29+00:00","dateModified":"2025-07-07T10:44:56+00:00","description":"El cat\u00e9ter RYDEN de Kitazato es un cat\u00e9ter precurvado que ofrece una gran rigidez y una visualizaci\u00f3n superior gracias a su soporte met\u00e1lico y a la ecogenicidad a lo largo de todo el cat\u00e9ter.","breadcrumb":{"@id":"https:\/\/kitazato-ivf.com\/es\/cateteres-transferencia-embrionaria-inseminacion\/cateter-ryden\/#breadcrumb"},"inLanguage":"es","potentialAction":[{"@type":"ReadAction","target":["https:\/\/kitazato-ivf.com\/es\/cateteres-transferencia-embrionaria-inseminacion\/cateter-ryden\/"]}]},{"@type":"ImageObject","inLanguage":"es","@id":"https:\/\/kitazato-ivf.com\/es\/cateteres-transferencia-embrionaria-inseminacion\/cateter-ryden\/#primaryimage","url":"https:\/\/kitazato-ivf.com\/wp-content\/uploads\/2024\/09\/3cateteres-013-copia-scaled.jpg","contentUrl":"https:\/\/kitazato-ivf.com\/wp-content\/uploads\/2024\/09\/3cateteres-013-copia-scaled.jpg","width":2560,"height":1709,"caption":"RYDEN Catheter"},{"@type":"BreadcrumbList","@id":"https:\/\/kitazato-ivf.com\/es\/cateteres-transferencia-embrionaria-inseminacion\/cateter-ryden\/#breadcrumb","itemListElement":[{"@type":"ListItem","position":1,"name":"Home","item":"https:\/\/kitazato-ivf.com\/es\/"},{"@type":"ListItem","position":2,"name":"Cat\u00e9teres de Transferencia Embrionaria e Inseminaci\u00f3n","item":"https:\/\/kitazato-ivf.com\/es\/cateteres-transferencia-embrionaria-inseminacion\/"},{"@type":"ListItem","position":3,"name":"RYDEN ET Catheter"}]},{"@type":"WebSite","@id":"https:\/\/kitazato-ivf.com\/#website","url":"https:\/\/kitazato-ivf.com\/","name":"Kitazato IVF","description":"Quality results for life","potentialAction":[{"@type":"SearchAction","target":{"@type":"EntryPoint","urlTemplate":"https:\/\/kitazato-ivf.com\/?s={search_term_string}"},"query-input":{"@type":"PropertyValueSpecification","valueRequired":true,"valueName":"search_term_string"}}],"inLanguage":"es"}]}},"_links":{"self":[{"href":"https:\/\/kitazato-ivf.com\/es\/wp-json\/wp\/v2\/pages\/30499","targetHints":{"allow":["GET"]}}],"collection":[{"href":"https:\/\/kitazato-ivf.com\/es\/wp-json\/wp\/v2\/pages"}],"about":[{"href":"https:\/\/kitazato-ivf.com\/es\/wp-json\/wp\/v2\/types\/page"}],"author":[{"embeddable":true,"href":"https:\/\/kitazato-ivf.com\/es\/wp-json\/wp\/v2\/users\/2"}],"replies":[{"embeddable":true,"href":"https:\/\/kitazato-ivf.com\/es\/wp-json\/wp\/v2\/comments?post=30499"}],"version-history":[{"count":7,"href":"https:\/\/kitazato-ivf.com\/es\/wp-json\/wp\/v2\/pages\/30499\/revisions"}],"predecessor-version":[{"id":33960,"href":"https:\/\/kitazato-ivf.com\/es\/wp-json\/wp\/v2\/pages\/30499\/revisions\/33960"}],"up":[{"embeddable":true,"href":"https:\/\/kitazato-ivf.com\/es\/wp-json\/wp\/v2\/pages\/16719"}],"wp:featuredmedia":[{"embeddable":true,"href":"https:\/\/kitazato-ivf.com\/es\/wp-json\/wp\/v2\/media\/27814"}],"wp:attachment":[{"href":"https:\/\/kitazato-ivf.com\/es\/wp-json\/wp\/v2\/media?parent=30499"}],"curies":[{"name":"wp","href":"https:\/\/api.w.org\/{rel}","templated":true}]}}