{"id":26975,"date":"2025-02-05T09:06:47","date_gmt":"2025-02-05T09:06:47","guid":{"rendered":"https:\/\/kitazato-ivf.com\/?page_id=26975"},"modified":"2025-06-13T11:51:57","modified_gmt":"2025-06-13T11:51:57","slug":"ultra-fast-warming","status":"publish","type":"page","link":"https:\/\/kitazato-ivf.com\/es\/vitrificacion\/ultra-fast-warming\/","title":{"rendered":"Ultra-Fast Warm"},"content":{"rendered":"","protected":false},"excerpt":{"rendered":"","protected":false},"author":2,"featured_media":27722,"parent":16243,"menu_order":68,"comment_status":"closed","ping_status":"closed","template":"","meta":{"_acf_changed":false,"footnotes":""},"class_list":["post-26975","page","type-page","status-publish","has-post-thumbnail","hentry","entry"],"acf":[],"yoast_head":"<!-- This site is optimized with the Yoast SEO plugin v26.8 - https:\/\/yoast.com\/product\/yoast-seo-wordpress\/ -->\n<title>Ultra-Fast Warm - Kitazato IVF<\/title>\n<meta name=\"description\" content=\"El procedimiento de calentamiento ultrarr\u00e1pido es una t\u00e9cnica optimizada que utiliza \u00fanicamente TS para calentar las muestras en todas las fases de desarrollo, desde los ovocitos hasta los blastocistos.\" \/>\n<meta name=\"robots\" content=\"index, follow, max-snippet:-1, max-image-preview:large, max-video-preview:-1\" \/>\n<link rel=\"canonical\" href=\"https:\/\/kitazato-ivf.com\/es\/vitrificacion\/ultra-fast-warming\/\" \/>\n<meta property=\"og:locale\" content=\"es_ES\" \/>\n<meta property=\"og:type\" content=\"article\" \/>\n<meta property=\"og:title\" content=\"Ultra-Fast Warm - Kitazato IVF\" \/>\n<meta property=\"og:description\" content=\"El procedimiento de calentamiento ultrarr\u00e1pido es una t\u00e9cnica optimizada que utiliza \u00fanicamente TS para calentar las muestras en todas las fases de desarrollo, desde los ovocitos hasta los blastocistos.\" \/>\n<meta property=\"og:url\" content=\"https:\/\/kitazato-ivf.com\/es\/vitrificacion\/ultra-fast-warming\/\" \/>\n<meta property=\"og:site_name\" content=\"Kitazato IVF\" \/>\n<meta property=\"article:modified_time\" content=\"2025-06-13T11:51:57+00:00\" \/>\n<meta property=\"og:image\" content=\"https:\/\/kitazato-ivf.com\/wp-content\/uploads\/2024\/09\/Ultra-Fast-Warm-e1725881749602.png\" \/>\n\t<meta property=\"og:image:width\" content=\"940\" \/>\n\t<meta property=\"og:image:height\" content=\"788\" \/>\n\t<meta property=\"og:image:type\" content=\"image\/png\" \/>\n<meta name=\"twitter:card\" content=\"summary_large_image\" \/>\n<meta name=\"twitter:label1\" content=\"Tiempo de lectura\" \/>\n\t<meta name=\"twitter:data1\" content=\"1 minuto\" \/>\n<script type=\"application\/ld+json\" class=\"yoast-schema-graph\">{\"@context\":\"https:\/\/schema.org\",\"@graph\":[{\"@type\":\"WebPage\",\"@id\":\"https:\/\/kitazato-ivf.com\/es\/vitrificacion\/ultra-fast-warming\/\",\"url\":\"https:\/\/kitazato-ivf.com\/es\/vitrificacion\/ultra-fast-warming\/\",\"name\":\"Ultra-Fast Warm - Kitazato IVF\",\"isPartOf\":{\"@id\":\"https:\/\/kitazato-ivf.com\/#website\"},\"primaryImageOfPage\":{\"@id\":\"https:\/\/kitazato-ivf.com\/es\/vitrificacion\/ultra-fast-warming\/#primaryimage\"},\"image\":{\"@id\":\"https:\/\/kitazato-ivf.com\/es\/vitrificacion\/ultra-fast-warming\/#primaryimage\"},\"thumbnailUrl\":\"https:\/\/kitazato-ivf.com\/wp-content\/uploads\/2024\/09\/Ultra-Fast-Warm-e1725881749602.png\",\"datePublished\":\"2025-02-05T09:06:47+00:00\",\"dateModified\":\"2025-06-13T11:51:57+00:00\",\"description\":\"El procedimiento de calentamiento ultrarr\u00e1pido es una t\u00e9cnica optimizada que utiliza \u00fanicamente TS para calentar las muestras en todas las fases de desarrollo, desde los ovocitos hasta los blastocistos.\",\"breadcrumb\":{\"@id\":\"https:\/\/kitazato-ivf.com\/es\/vitrificacion\/ultra-fast-warming\/#breadcrumb\"},\"inLanguage\":\"es\",\"potentialAction\":[{\"@type\":\"ReadAction\",\"target\":[\"https:\/\/kitazato-ivf.com\/es\/vitrificacion\/ultra-fast-warming\/\"]}]},{\"@type\":\"ImageObject\",\"inLanguage\":\"es\",\"@id\":\"https:\/\/kitazato-ivf.com\/es\/vitrificacion\/ultra-fast-warming\/#primaryimage\",\"url\":\"https:\/\/kitazato-ivf.com\/wp-content\/uploads\/2024\/09\/Ultra-Fast-Warm-e1725881749602.png\",\"contentUrl\":\"https:\/\/kitazato-ivf.com\/wp-content\/uploads\/2024\/09\/Ultra-Fast-Warm-e1725881749602.png\",\"width\":940,\"height\":788},{\"@type\":\"BreadcrumbList\",\"@id\":\"https:\/\/kitazato-ivf.com\/es\/vitrificacion\/ultra-fast-warming\/#breadcrumb\",\"itemListElement\":[{\"@type\":\"ListItem\",\"position\":1,\"name\":\"Home\",\"item\":\"https:\/\/kitazato-ivf.com\/es\/\"},{\"@type\":\"ListItem\",\"position\":2,\"name\":\"Vitrificaci\u00f3n\",\"item\":\"https:\/\/kitazato-ivf.com\/es\/vitrificacion\/\"},{\"@type\":\"ListItem\",\"position\":3,\"name\":\"Ultra-Fast Warm\"}]},{\"@type\":\"WebSite\",\"@id\":\"https:\/\/kitazato-ivf.com\/#website\",\"url\":\"https:\/\/kitazato-ivf.com\/\",\"name\":\"Kitazato IVF\",\"description\":\"Quality results for life\",\"potentialAction\":[{\"@type\":\"SearchAction\",\"target\":{\"@type\":\"EntryPoint\",\"urlTemplate\":\"https:\/\/kitazato-ivf.com\/?s={search_term_string}\"},\"query-input\":{\"@type\":\"PropertyValueSpecification\",\"valueRequired\":true,\"valueName\":\"search_term_string\"}}],\"inLanguage\":\"es\"}]}<\/script>\n<!-- \/ Yoast SEO plugin. -->","yoast_head_json":{"title":"Ultra-Fast Warm - Kitazato IVF","description":"El procedimiento de calentamiento ultrarr\u00e1pido es una t\u00e9cnica optimizada que utiliza \u00fanicamente TS para calentar las muestras en todas las fases de desarrollo, desde los ovocitos hasta los blastocistos.","robots":{"index":"index","follow":"follow","max-snippet":"max-snippet:-1","max-image-preview":"max-image-preview:large","max-video-preview":"max-video-preview:-1"},"canonical":"https:\/\/kitazato-ivf.com\/es\/vitrificacion\/ultra-fast-warming\/","og_locale":"es_ES","og_type":"article","og_title":"Ultra-Fast Warm - Kitazato IVF","og_description":"El procedimiento de calentamiento ultrarr\u00e1pido es una t\u00e9cnica optimizada que utiliza \u00fanicamente TS para calentar las muestras en todas las fases de desarrollo, desde los ovocitos hasta los blastocistos.","og_url":"https:\/\/kitazato-ivf.com\/es\/vitrificacion\/ultra-fast-warming\/","og_site_name":"Kitazato IVF","article_modified_time":"2025-06-13T11:51:57+00:00","og_image":[{"width":940,"height":788,"url":"https:\/\/kitazato-ivf.com\/wp-content\/uploads\/2024\/09\/Ultra-Fast-Warm-e1725881749602.png","type":"image\/png"}],"twitter_card":"summary_large_image","twitter_misc":{"Tiempo de lectura":"1 minuto"},"schema":{"@context":"https:\/\/schema.org","@graph":[{"@type":"WebPage","@id":"https:\/\/kitazato-ivf.com\/es\/vitrificacion\/ultra-fast-warming\/","url":"https:\/\/kitazato-ivf.com\/es\/vitrificacion\/ultra-fast-warming\/","name":"Ultra-Fast Warm - Kitazato IVF","isPartOf":{"@id":"https:\/\/kitazato-ivf.com\/#website"},"primaryImageOfPage":{"@id":"https:\/\/kitazato-ivf.com\/es\/vitrificacion\/ultra-fast-warming\/#primaryimage"},"image":{"@id":"https:\/\/kitazato-ivf.com\/es\/vitrificacion\/ultra-fast-warming\/#primaryimage"},"thumbnailUrl":"https:\/\/kitazato-ivf.com\/wp-content\/uploads\/2024\/09\/Ultra-Fast-Warm-e1725881749602.png","datePublished":"2025-02-05T09:06:47+00:00","dateModified":"2025-06-13T11:51:57+00:00","description":"El procedimiento de calentamiento ultrarr\u00e1pido es una t\u00e9cnica optimizada que utiliza \u00fanicamente TS para calentar las muestras en todas las fases de desarrollo, desde los ovocitos hasta los blastocistos.","breadcrumb":{"@id":"https:\/\/kitazato-ivf.com\/es\/vitrificacion\/ultra-fast-warming\/#breadcrumb"},"inLanguage":"es","potentialAction":[{"@type":"ReadAction","target":["https:\/\/kitazato-ivf.com\/es\/vitrificacion\/ultra-fast-warming\/"]}]},{"@type":"ImageObject","inLanguage":"es","@id":"https:\/\/kitazato-ivf.com\/es\/vitrificacion\/ultra-fast-warming\/#primaryimage","url":"https:\/\/kitazato-ivf.com\/wp-content\/uploads\/2024\/09\/Ultra-Fast-Warm-e1725881749602.png","contentUrl":"https:\/\/kitazato-ivf.com\/wp-content\/uploads\/2024\/09\/Ultra-Fast-Warm-e1725881749602.png","width":940,"height":788},{"@type":"BreadcrumbList","@id":"https:\/\/kitazato-ivf.com\/es\/vitrificacion\/ultra-fast-warming\/#breadcrumb","itemListElement":[{"@type":"ListItem","position":1,"name":"Home","item":"https:\/\/kitazato-ivf.com\/es\/"},{"@type":"ListItem","position":2,"name":"Vitrificaci\u00f3n","item":"https:\/\/kitazato-ivf.com\/es\/vitrificacion\/"},{"@type":"ListItem","position":3,"name":"Ultra-Fast Warm"}]},{"@type":"WebSite","@id":"https:\/\/kitazato-ivf.com\/#website","url":"https:\/\/kitazato-ivf.com\/","name":"Kitazato IVF","description":"Quality results for life","potentialAction":[{"@type":"SearchAction","target":{"@type":"EntryPoint","urlTemplate":"https:\/\/kitazato-ivf.com\/?s={search_term_string}"},"query-input":{"@type":"PropertyValueSpecification","valueRequired":true,"valueName":"search_term_string"}}],"inLanguage":"es"}]}},"_links":{"self":[{"href":"https:\/\/kitazato-ivf.com\/es\/wp-json\/wp\/v2\/pages\/26975","targetHints":{"allow":["GET"]}}],"collection":[{"href":"https:\/\/kitazato-ivf.com\/es\/wp-json\/wp\/v2\/pages"}],"about":[{"href":"https:\/\/kitazato-ivf.com\/es\/wp-json\/wp\/v2\/types\/page"}],"author":[{"embeddable":true,"href":"https:\/\/kitazato-ivf.com\/es\/wp-json\/wp\/v2\/users\/2"}],"replies":[{"embeddable":true,"href":"https:\/\/kitazato-ivf.com\/es\/wp-json\/wp\/v2\/comments?post=26975"}],"version-history":[{"count":3,"href":"https:\/\/kitazato-ivf.com\/es\/wp-json\/wp\/v2\/pages\/26975\/revisions"}],"predecessor-version":[{"id":33090,"href":"https:\/\/kitazato-ivf.com\/es\/wp-json\/wp\/v2\/pages\/26975\/revisions\/33090"}],"up":[{"embeddable":true,"href":"https:\/\/kitazato-ivf.com\/es\/wp-json\/wp\/v2\/pages\/16243"}],"wp:featuredmedia":[{"embeddable":true,"href":"https:\/\/kitazato-ivf.com\/es\/wp-json\/wp\/v2\/media\/27722"}],"wp:attachment":[{"href":"https:\/\/kitazato-ivf.com\/es\/wp-json\/wp\/v2\/media?parent=26975"}],"curies":[{"name":"wp","href":"https:\/\/api.w.org\/{rel}","templated":true}]}}