{"id":17210,"date":"2021-06-10T07:30:34","date_gmt":"2021-06-10T07:30:34","guid":{"rendered":"https:\/\/kitazato-ivf.com\/ivf-lifecycle\/andrology\/"},"modified":"2022-02-28T16:03:26","modified_gmt":"2022-02-28T16:03:26","slug":"andrologia","status":"publish","type":"page","link":"https:\/\/kitazato-ivf.com\/es\/ivf-lifecycle\/andrologia\/","title":{"rendered":"Androlog\u00eda"},"content":{"rendered":"","protected":false},"excerpt":{"rendered":"","protected":false},"author":6,"featured_media":0,"parent":16791,"menu_order":25,"comment_status":"closed","ping_status":"closed","template":"","meta":{"_acf_changed":false,"footnotes":""},"class_list":["post-17210","page","type-page","status-publish","hentry","entry"],"acf":[],"yoast_head":"<!-- This site is optimized with the Yoast SEO plugin v26.8 - https:\/\/yoast.com\/product\/yoast-seo-wordpress\/ -->\n<title>IVF Lifecycle - Androlog\u00eda - Kitazato IVF<\/title>\n<meta name=\"description\" content=\"Las posibilidades de fecundaci\u00f3n y embarazo aumentan con una buena preparaci\u00f3n de espermatozoides eligiendo el mejor cat\u00e9ter de IA para cada paciente\" \/>\n<meta name=\"robots\" content=\"index, follow, max-snippet:-1, max-image-preview:large, max-video-preview:-1\" \/>\n<link rel=\"canonical\" href=\"https:\/\/kitazato-ivf.com\/es\/ivf-lifecycle\/andrologia\/\" \/>\n<meta property=\"og:locale\" content=\"es_ES\" \/>\n<meta property=\"og:type\" content=\"article\" \/>\n<meta property=\"og:title\" content=\"IVF Lifecycle - Androlog\u00eda - Kitazato IVF\" \/>\n<meta property=\"og:description\" content=\"Las posibilidades de fecundaci\u00f3n y embarazo aumentan con una buena preparaci\u00f3n de espermatozoides eligiendo el mejor cat\u00e9ter de IA para cada paciente\" \/>\n<meta property=\"og:url\" content=\"https:\/\/kitazato-ivf.com\/es\/ivf-lifecycle\/andrologia\/\" \/>\n<meta property=\"og:site_name\" content=\"Kitazato IVF\" \/>\n<meta property=\"article:modified_time\" content=\"2022-02-28T16:03:26+00:00\" \/>\n<meta name=\"twitter:card\" content=\"summary_large_image\" \/>\n<script type=\"application\/ld+json\" class=\"yoast-schema-graph\">{\"@context\":\"https:\/\/schema.org\",\"@graph\":[{\"@type\":\"WebPage\",\"@id\":\"https:\/\/kitazato-ivf.com\/es\/ivf-lifecycle\/andrologia\/\",\"url\":\"https:\/\/kitazato-ivf.com\/es\/ivf-lifecycle\/andrologia\/\",\"name\":\"IVF Lifecycle - Androlog\u00eda - Kitazato IVF\",\"isPartOf\":{\"@id\":\"https:\/\/kitazato-ivf.com\/#website\"},\"datePublished\":\"2021-06-10T07:30:34+00:00\",\"dateModified\":\"2022-02-28T16:03:26+00:00\",\"description\":\"Las posibilidades de fecundaci\u00f3n y embarazo aumentan con una buena preparaci\u00f3n de espermatozoides eligiendo el mejor cat\u00e9ter de IA para cada paciente\",\"breadcrumb\":{\"@id\":\"https:\/\/kitazato-ivf.com\/es\/ivf-lifecycle\/andrologia\/#breadcrumb\"},\"inLanguage\":\"es\",\"potentialAction\":[{\"@type\":\"ReadAction\",\"target\":[\"https:\/\/kitazato-ivf.com\/es\/ivf-lifecycle\/andrologia\/\"]}]},{\"@type\":\"BreadcrumbList\",\"@id\":\"https:\/\/kitazato-ivf.com\/es\/ivf-lifecycle\/andrologia\/#breadcrumb\",\"itemListElement\":[{\"@type\":\"ListItem\",\"position\":1,\"name\":\"Home\",\"item\":\"https:\/\/kitazato-ivf.com\/es\/\"},{\"@type\":\"ListItem\",\"position\":2,\"name\":\"IVF Lifecycle\",\"item\":\"https:\/\/kitazato-ivf.com\/es\/ivf-lifecycle\/\"},{\"@type\":\"ListItem\",\"position\":3,\"name\":\"Androlog\u00eda\"}]},{\"@type\":\"WebSite\",\"@id\":\"https:\/\/kitazato-ivf.com\/#website\",\"url\":\"https:\/\/kitazato-ivf.com\/\",\"name\":\"Kitazato IVF\",\"description\":\"Quality results for life\",\"potentialAction\":[{\"@type\":\"SearchAction\",\"target\":{\"@type\":\"EntryPoint\",\"urlTemplate\":\"https:\/\/kitazato-ivf.com\/?s={search_term_string}\"},\"query-input\":{\"@type\":\"PropertyValueSpecification\",\"valueRequired\":true,\"valueName\":\"search_term_string\"}}],\"inLanguage\":\"es\"}]}<\/script>\n<!-- \/ Yoast SEO plugin. -->","yoast_head_json":{"title":"IVF Lifecycle - Androlog\u00eda - Kitazato IVF","description":"Las posibilidades de fecundaci\u00f3n y embarazo aumentan con una buena preparaci\u00f3n de espermatozoides eligiendo el mejor cat\u00e9ter de IA para cada paciente","robots":{"index":"index","follow":"follow","max-snippet":"max-snippet:-1","max-image-preview":"max-image-preview:large","max-video-preview":"max-video-preview:-1"},"canonical":"https:\/\/kitazato-ivf.com\/es\/ivf-lifecycle\/andrologia\/","og_locale":"es_ES","og_type":"article","og_title":"IVF Lifecycle - Androlog\u00eda - Kitazato IVF","og_description":"Las posibilidades de fecundaci\u00f3n y embarazo aumentan con una buena preparaci\u00f3n de espermatozoides eligiendo el mejor cat\u00e9ter de IA para cada paciente","og_url":"https:\/\/kitazato-ivf.com\/es\/ivf-lifecycle\/andrologia\/","og_site_name":"Kitazato IVF","article_modified_time":"2022-02-28T16:03:26+00:00","twitter_card":"summary_large_image","schema":{"@context":"https:\/\/schema.org","@graph":[{"@type":"WebPage","@id":"https:\/\/kitazato-ivf.com\/es\/ivf-lifecycle\/andrologia\/","url":"https:\/\/kitazato-ivf.com\/es\/ivf-lifecycle\/andrologia\/","name":"IVF Lifecycle - Androlog\u00eda - Kitazato IVF","isPartOf":{"@id":"https:\/\/kitazato-ivf.com\/#website"},"datePublished":"2021-06-10T07:30:34+00:00","dateModified":"2022-02-28T16:03:26+00:00","description":"Las posibilidades de fecundaci\u00f3n y embarazo aumentan con una buena preparaci\u00f3n de espermatozoides eligiendo el mejor cat\u00e9ter de IA para cada paciente","breadcrumb":{"@id":"https:\/\/kitazato-ivf.com\/es\/ivf-lifecycle\/andrologia\/#breadcrumb"},"inLanguage":"es","potentialAction":[{"@type":"ReadAction","target":["https:\/\/kitazato-ivf.com\/es\/ivf-lifecycle\/andrologia\/"]}]},{"@type":"BreadcrumbList","@id":"https:\/\/kitazato-ivf.com\/es\/ivf-lifecycle\/andrologia\/#breadcrumb","itemListElement":[{"@type":"ListItem","position":1,"name":"Home","item":"https:\/\/kitazato-ivf.com\/es\/"},{"@type":"ListItem","position":2,"name":"IVF Lifecycle","item":"https:\/\/kitazato-ivf.com\/es\/ivf-lifecycle\/"},{"@type":"ListItem","position":3,"name":"Androlog\u00eda"}]},{"@type":"WebSite","@id":"https:\/\/kitazato-ivf.com\/#website","url":"https:\/\/kitazato-ivf.com\/","name":"Kitazato IVF","description":"Quality results for life","potentialAction":[{"@type":"SearchAction","target":{"@type":"EntryPoint","urlTemplate":"https:\/\/kitazato-ivf.com\/?s={search_term_string}"},"query-input":{"@type":"PropertyValueSpecification","valueRequired":true,"valueName":"search_term_string"}}],"inLanguage":"es"}]}},"_links":{"self":[{"href":"https:\/\/kitazato-ivf.com\/es\/wp-json\/wp\/v2\/pages\/17210","targetHints":{"allow":["GET"]}}],"collection":[{"href":"https:\/\/kitazato-ivf.com\/es\/wp-json\/wp\/v2\/pages"}],"about":[{"href":"https:\/\/kitazato-ivf.com\/es\/wp-json\/wp\/v2\/types\/page"}],"author":[{"embeddable":true,"href":"https:\/\/kitazato-ivf.com\/es\/wp-json\/wp\/v2\/users\/6"}],"replies":[{"embeddable":true,"href":"https:\/\/kitazato-ivf.com\/es\/wp-json\/wp\/v2\/comments?post=17210"}],"version-history":[{"count":17,"href":"https:\/\/kitazato-ivf.com\/es\/wp-json\/wp\/v2\/pages\/17210\/revisions"}],"predecessor-version":[{"id":19179,"href":"https:\/\/kitazato-ivf.com\/es\/wp-json\/wp\/v2\/pages\/17210\/revisions\/19179"}],"up":[{"embeddable":true,"href":"https:\/\/kitazato-ivf.com\/es\/wp-json\/wp\/v2\/pages\/16791"}],"wp:attachment":[{"href":"https:\/\/kitazato-ivf.com\/es\/wp-json\/wp\/v2\/media?parent=17210"}],"curies":[{"name":"wp","href":"https:\/\/api.w.org\/{rel}","templated":true}]}}