{"id":16821,"date":"2021-06-10T15:33:33","date_gmt":"2021-06-10T15:33:33","guid":{"rendered":"https:\/\/kitazato-ivf.com\/ivf-lifecycle\/vitrification\/"},"modified":"2022-02-28T16:09:11","modified_gmt":"2022-02-28T16:09:11","slug":"vitrificacion","status":"publish","type":"page","link":"https:\/\/kitazato-ivf.com\/es\/ivf-lifecycle\/vitrificacion\/","title":{"rendered":"Vitrificaci\u00f3n"},"content":{"rendered":"","protected":false},"excerpt":{"rendered":"","protected":false},"author":6,"featured_media":0,"parent":16791,"menu_order":6,"comment_status":"closed","ping_status":"closed","template":"","meta":{"_acf_changed":false,"footnotes":""},"class_list":["post-16821","page","type-page","status-publish","hentry","entry"],"acf":[],"yoast_head":"<!-- This site is optimized with the Yoast SEO plugin v26.8 - https:\/\/yoast.com\/product\/yoast-seo-wordpress\/ -->\n<title>IVF Lifecycle - Vitrificaci\u00f3n - Kitazato IVF<\/title>\n<meta name=\"description\" content=\"La vitrificaci\u00f3n, tras haber revolucionado el mundo de la reproducci\u00f3n asistida, se ha vuelto parte integral de los m\u00e9todos actuales de criopreservaci\u00f3n\" \/>\n<meta name=\"robots\" content=\"index, follow, max-snippet:-1, max-image-preview:large, max-video-preview:-1\" \/>\n<link rel=\"canonical\" href=\"https:\/\/kitazato-ivf.com\/es\/ivf-lifecycle\/vitrificacion\/\" \/>\n<meta property=\"og:locale\" content=\"es_ES\" \/>\n<meta property=\"og:type\" content=\"article\" \/>\n<meta property=\"og:title\" content=\"IVF Lifecycle - Vitrificaci\u00f3n - Kitazato IVF\" \/>\n<meta property=\"og:description\" content=\"La vitrificaci\u00f3n, tras haber revolucionado el mundo de la reproducci\u00f3n asistida, se ha vuelto parte integral de los m\u00e9todos actuales de criopreservaci\u00f3n\" \/>\n<meta property=\"og:url\" content=\"https:\/\/kitazato-ivf.com\/es\/ivf-lifecycle\/vitrificacion\/\" \/>\n<meta property=\"og:site_name\" content=\"Kitazato IVF\" \/>\n<meta property=\"article:modified_time\" content=\"2022-02-28T16:09:11+00:00\" \/>\n<meta name=\"twitter:card\" content=\"summary_large_image\" \/>\n<script type=\"application\/ld+json\" class=\"yoast-schema-graph\">{\"@context\":\"https:\/\/schema.org\",\"@graph\":[{\"@type\":\"WebPage\",\"@id\":\"https:\/\/kitazato-ivf.com\/es\/ivf-lifecycle\/vitrificacion\/\",\"url\":\"https:\/\/kitazato-ivf.com\/es\/ivf-lifecycle\/vitrificacion\/\",\"name\":\"IVF Lifecycle - Vitrificaci\u00f3n - Kitazato IVF\",\"isPartOf\":{\"@id\":\"https:\/\/kitazato-ivf.com\/#website\"},\"datePublished\":\"2021-06-10T15:33:33+00:00\",\"dateModified\":\"2022-02-28T16:09:11+00:00\",\"description\":\"La vitrificaci\u00f3n, tras haber revolucionado el mundo de la reproducci\u00f3n asistida, se ha vuelto parte integral de los m\u00e9todos actuales de criopreservaci\u00f3n\",\"breadcrumb\":{\"@id\":\"https:\/\/kitazato-ivf.com\/es\/ivf-lifecycle\/vitrificacion\/#breadcrumb\"},\"inLanguage\":\"es\",\"potentialAction\":[{\"@type\":\"ReadAction\",\"target\":[\"https:\/\/kitazato-ivf.com\/es\/ivf-lifecycle\/vitrificacion\/\"]}]},{\"@type\":\"BreadcrumbList\",\"@id\":\"https:\/\/kitazato-ivf.com\/es\/ivf-lifecycle\/vitrificacion\/#breadcrumb\",\"itemListElement\":[{\"@type\":\"ListItem\",\"position\":1,\"name\":\"Home\",\"item\":\"https:\/\/kitazato-ivf.com\/es\/\"},{\"@type\":\"ListItem\",\"position\":2,\"name\":\"IVF Lifecycle\",\"item\":\"https:\/\/kitazato-ivf.com\/es\/ivf-lifecycle\/\"},{\"@type\":\"ListItem\",\"position\":3,\"name\":\"Vitrificaci\u00f3n\"}]},{\"@type\":\"WebSite\",\"@id\":\"https:\/\/kitazato-ivf.com\/#website\",\"url\":\"https:\/\/kitazato-ivf.com\/\",\"name\":\"Kitazato IVF\",\"description\":\"Quality results for life\",\"potentialAction\":[{\"@type\":\"SearchAction\",\"target\":{\"@type\":\"EntryPoint\",\"urlTemplate\":\"https:\/\/kitazato-ivf.com\/?s={search_term_string}\"},\"query-input\":{\"@type\":\"PropertyValueSpecification\",\"valueRequired\":true,\"valueName\":\"search_term_string\"}}],\"inLanguage\":\"es\"}]}<\/script>\n<!-- \/ Yoast SEO plugin. -->","yoast_head_json":{"title":"IVF Lifecycle - Vitrificaci\u00f3n - Kitazato IVF","description":"La vitrificaci\u00f3n, tras haber revolucionado el mundo de la reproducci\u00f3n asistida, se ha vuelto parte integral de los m\u00e9todos actuales de criopreservaci\u00f3n","robots":{"index":"index","follow":"follow","max-snippet":"max-snippet:-1","max-image-preview":"max-image-preview:large","max-video-preview":"max-video-preview:-1"},"canonical":"https:\/\/kitazato-ivf.com\/es\/ivf-lifecycle\/vitrificacion\/","og_locale":"es_ES","og_type":"article","og_title":"IVF Lifecycle - Vitrificaci\u00f3n - Kitazato IVF","og_description":"La vitrificaci\u00f3n, tras haber revolucionado el mundo de la reproducci\u00f3n asistida, se ha vuelto parte integral de los m\u00e9todos actuales de criopreservaci\u00f3n","og_url":"https:\/\/kitazato-ivf.com\/es\/ivf-lifecycle\/vitrificacion\/","og_site_name":"Kitazato IVF","article_modified_time":"2022-02-28T16:09:11+00:00","twitter_card":"summary_large_image","schema":{"@context":"https:\/\/schema.org","@graph":[{"@type":"WebPage","@id":"https:\/\/kitazato-ivf.com\/es\/ivf-lifecycle\/vitrificacion\/","url":"https:\/\/kitazato-ivf.com\/es\/ivf-lifecycle\/vitrificacion\/","name":"IVF Lifecycle - Vitrificaci\u00f3n - Kitazato IVF","isPartOf":{"@id":"https:\/\/kitazato-ivf.com\/#website"},"datePublished":"2021-06-10T15:33:33+00:00","dateModified":"2022-02-28T16:09:11+00:00","description":"La vitrificaci\u00f3n, tras haber revolucionado el mundo de la reproducci\u00f3n asistida, se ha vuelto parte integral de los m\u00e9todos actuales de criopreservaci\u00f3n","breadcrumb":{"@id":"https:\/\/kitazato-ivf.com\/es\/ivf-lifecycle\/vitrificacion\/#breadcrumb"},"inLanguage":"es","potentialAction":[{"@type":"ReadAction","target":["https:\/\/kitazato-ivf.com\/es\/ivf-lifecycle\/vitrificacion\/"]}]},{"@type":"BreadcrumbList","@id":"https:\/\/kitazato-ivf.com\/es\/ivf-lifecycle\/vitrificacion\/#breadcrumb","itemListElement":[{"@type":"ListItem","position":1,"name":"Home","item":"https:\/\/kitazato-ivf.com\/es\/"},{"@type":"ListItem","position":2,"name":"IVF Lifecycle","item":"https:\/\/kitazato-ivf.com\/es\/ivf-lifecycle\/"},{"@type":"ListItem","position":3,"name":"Vitrificaci\u00f3n"}]},{"@type":"WebSite","@id":"https:\/\/kitazato-ivf.com\/#website","url":"https:\/\/kitazato-ivf.com\/","name":"Kitazato IVF","description":"Quality results for life","potentialAction":[{"@type":"SearchAction","target":{"@type":"EntryPoint","urlTemplate":"https:\/\/kitazato-ivf.com\/?s={search_term_string}"},"query-input":{"@type":"PropertyValueSpecification","valueRequired":true,"valueName":"search_term_string"}}],"inLanguage":"es"}]}},"_links":{"self":[{"href":"https:\/\/kitazato-ivf.com\/es\/wp-json\/wp\/v2\/pages\/16821","targetHints":{"allow":["GET"]}}],"collection":[{"href":"https:\/\/kitazato-ivf.com\/es\/wp-json\/wp\/v2\/pages"}],"about":[{"href":"https:\/\/kitazato-ivf.com\/es\/wp-json\/wp\/v2\/types\/page"}],"author":[{"embeddable":true,"href":"https:\/\/kitazato-ivf.com\/es\/wp-json\/wp\/v2\/users\/6"}],"replies":[{"embeddable":true,"href":"https:\/\/kitazato-ivf.com\/es\/wp-json\/wp\/v2\/comments?post=16821"}],"version-history":[{"count":43,"href":"https:\/\/kitazato-ivf.com\/es\/wp-json\/wp\/v2\/pages\/16821\/revisions"}],"predecessor-version":[{"id":19175,"href":"https:\/\/kitazato-ivf.com\/es\/wp-json\/wp\/v2\/pages\/16821\/revisions\/19175"}],"up":[{"embeddable":true,"href":"https:\/\/kitazato-ivf.com\/es\/wp-json\/wp\/v2\/pages\/16791"}],"wp:attachment":[{"href":"https:\/\/kitazato-ivf.com\/es\/wp-json\/wp\/v2\/media?parent=16821"}],"curies":[{"name":"wp","href":"https:\/\/api.w.org\/{rel}","templated":true}]}}