{"id":16736,"date":"2021-05-05T14:32:55","date_gmt":"2021-05-05T14:32:55","guid":{"rendered":"https:\/\/kitazato-ivf.com\/iui-embryo-transfer-catheters\/intrauterine-insemination-catheter\/"},"modified":"2025-07-07T10:43:10","modified_gmt":"2025-07-07T10:43:10","slug":"cateter-inseminacion","status":"publish","type":"page","link":"https:\/\/kitazato-ivf.com\/es\/cateteres-transferencia-embrionaria-inseminacion\/cateter-inseminacion\/","title":{"rendered":"Cat\u00e9teres de Inseminaci\u00f3n"},"content":{"rendered":"","protected":false},"excerpt":{"rendered":"","protected":false},"author":6,"featured_media":15175,"parent":16719,"menu_order":47,"comment_status":"closed","ping_status":"closed","template":"","meta":{"_acf_changed":false,"footnotes":""},"class_list":["post-16736","page","type-page","status-publish","has-post-thumbnail","hentry","entry"],"acf":[],"yoast_head":"<!-- This site is optimized with the Yoast SEO plugin v26.8 - https:\/\/yoast.com\/product\/yoast-seo-wordpress\/ -->\n<title>Cat\u00e9teres de Inseminaci\u00f3n - Kitazato IVF<\/title>\n<meta name=\"description\" content=\"Kitazato cuenta con un amplia gama de Cat\u00e9teres de Inseminaci\u00f3n Intrauterina seg\u00fan tus preferencias con 4 niveles de rigidez y 2 longitudes diferentes\" \/>\n<meta name=\"robots\" content=\"index, follow, max-snippet:-1, max-image-preview:large, max-video-preview:-1\" \/>\n<link rel=\"canonical\" href=\"https:\/\/kitazato-ivf.com\/es\/cateteres-transferencia-embrionaria-inseminacion\/cateter-inseminacion\/\" \/>\n<meta property=\"og:locale\" content=\"es_ES\" \/>\n<meta property=\"og:type\" content=\"article\" \/>\n<meta property=\"og:title\" content=\"Cat\u00e9teres de Inseminaci\u00f3n - Kitazato IVF\" \/>\n<meta property=\"og:description\" content=\"Kitazato cuenta con un amplia gama de Cat\u00e9teres de Inseminaci\u00f3n Intrauterina seg\u00fan tus preferencias con 4 niveles de rigidez y 2 longitudes diferentes\" \/>\n<meta property=\"og:url\" content=\"https:\/\/kitazato-ivf.com\/es\/cateteres-transferencia-embrionaria-inseminacion\/cateter-inseminacion\/\" \/>\n<meta property=\"og:site_name\" content=\"Kitazato IVF\" \/>\n<meta property=\"article:modified_time\" content=\"2025-07-07T10:43:10+00:00\" \/>\n<meta property=\"og:image\" content=\"https:\/\/kitazato-ivf.com\/wp-content\/uploads\/2021\/05\/Intrauterine_Insemination_Catheter_IUI_Catheters_Kitazato.jpg\" \/>\n\t<meta property=\"og:image:width\" content=\"800\" \/>\n\t<meta property=\"og:image:height\" content=\"607\" \/>\n\t<meta property=\"og:image:type\" content=\"image\/jpeg\" \/>\n<meta name=\"twitter:card\" content=\"summary_large_image\" \/>\n<meta name=\"twitter:label1\" content=\"Tiempo de lectura\" \/>\n\t<meta name=\"twitter:data1\" content=\"1 minuto\" \/>\n<script type=\"application\/ld+json\" class=\"yoast-schema-graph\">{\"@context\":\"https:\/\/schema.org\",\"@graph\":[{\"@type\":\"WebPage\",\"@id\":\"https:\/\/kitazato-ivf.com\/es\/cateteres-transferencia-embrionaria-inseminacion\/cateter-inseminacion\/\",\"url\":\"https:\/\/kitazato-ivf.com\/es\/cateteres-transferencia-embrionaria-inseminacion\/cateter-inseminacion\/\",\"name\":\"Cat\u00e9teres de Inseminaci\u00f3n - Kitazato IVF\",\"isPartOf\":{\"@id\":\"https:\/\/kitazato-ivf.com\/#website\"},\"primaryImageOfPage\":{\"@id\":\"https:\/\/kitazato-ivf.com\/es\/cateteres-transferencia-embrionaria-inseminacion\/cateter-inseminacion\/#primaryimage\"},\"image\":{\"@id\":\"https:\/\/kitazato-ivf.com\/es\/cateteres-transferencia-embrionaria-inseminacion\/cateter-inseminacion\/#primaryimage\"},\"thumbnailUrl\":\"https:\/\/kitazato-ivf.com\/wp-content\/uploads\/2021\/05\/Intrauterine_Insemination_Catheter_IUI_Catheters_Kitazato.jpg\",\"datePublished\":\"2021-05-05T14:32:55+00:00\",\"dateModified\":\"2025-07-07T10:43:10+00:00\",\"description\":\"Kitazato cuenta con un amplia gama de Cat\u00e9teres de Inseminaci\u00f3n Intrauterina seg\u00fan tus preferencias con 4 niveles de rigidez y 2 longitudes diferentes\",\"breadcrumb\":{\"@id\":\"https:\/\/kitazato-ivf.com\/es\/cateteres-transferencia-embrionaria-inseminacion\/cateter-inseminacion\/#breadcrumb\"},\"inLanguage\":\"es\",\"potentialAction\":[{\"@type\":\"ReadAction\",\"target\":[\"https:\/\/kitazato-ivf.com\/es\/cateteres-transferencia-embrionaria-inseminacion\/cateter-inseminacion\/\"]}]},{\"@type\":\"ImageObject\",\"inLanguage\":\"es\",\"@id\":\"https:\/\/kitazato-ivf.com\/es\/cateteres-transferencia-embrionaria-inseminacion\/cateter-inseminacion\/#primaryimage\",\"url\":\"https:\/\/kitazato-ivf.com\/wp-content\/uploads\/2021\/05\/Intrauterine_Insemination_Catheter_IUI_Catheters_Kitazato.jpg\",\"contentUrl\":\"https:\/\/kitazato-ivf.com\/wp-content\/uploads\/2021\/05\/Intrauterine_Insemination_Catheter_IUI_Catheters_Kitazato.jpg\",\"width\":800,\"height\":607,\"caption\":\"Intrauterine Insemination Catheter IUI Catheters Kitazato\"},{\"@type\":\"BreadcrumbList\",\"@id\":\"https:\/\/kitazato-ivf.com\/es\/cateteres-transferencia-embrionaria-inseminacion\/cateter-inseminacion\/#breadcrumb\",\"itemListElement\":[{\"@type\":\"ListItem\",\"position\":1,\"name\":\"Home\",\"item\":\"https:\/\/kitazato-ivf.com\/es\/\"},{\"@type\":\"ListItem\",\"position\":2,\"name\":\"Cat\u00e9teres de Transferencia Embrionaria e Inseminaci\u00f3n\",\"item\":\"https:\/\/kitazato-ivf.com\/es\/cateteres-transferencia-embrionaria-inseminacion\/\"},{\"@type\":\"ListItem\",\"position\":3,\"name\":\"Cat\u00e9teres de Inseminaci\u00f3n\"}]},{\"@type\":\"WebSite\",\"@id\":\"https:\/\/kitazato-ivf.com\/#website\",\"url\":\"https:\/\/kitazato-ivf.com\/\",\"name\":\"Kitazato IVF\",\"description\":\"Quality results for life\",\"potentialAction\":[{\"@type\":\"SearchAction\",\"target\":{\"@type\":\"EntryPoint\",\"urlTemplate\":\"https:\/\/kitazato-ivf.com\/?s={search_term_string}\"},\"query-input\":{\"@type\":\"PropertyValueSpecification\",\"valueRequired\":true,\"valueName\":\"search_term_string\"}}],\"inLanguage\":\"es\"}]}<\/script>\n<!-- \/ Yoast SEO plugin. -->","yoast_head_json":{"title":"Cat\u00e9teres de Inseminaci\u00f3n - Kitazato IVF","description":"Kitazato cuenta con un amplia gama de Cat\u00e9teres de Inseminaci\u00f3n Intrauterina seg\u00fan tus preferencias con 4 niveles de rigidez y 2 longitudes diferentes","robots":{"index":"index","follow":"follow","max-snippet":"max-snippet:-1","max-image-preview":"max-image-preview:large","max-video-preview":"max-video-preview:-1"},"canonical":"https:\/\/kitazato-ivf.com\/es\/cateteres-transferencia-embrionaria-inseminacion\/cateter-inseminacion\/","og_locale":"es_ES","og_type":"article","og_title":"Cat\u00e9teres de Inseminaci\u00f3n - Kitazato IVF","og_description":"Kitazato cuenta con un amplia gama de Cat\u00e9teres de Inseminaci\u00f3n Intrauterina seg\u00fan tus preferencias con 4 niveles de rigidez y 2 longitudes diferentes","og_url":"https:\/\/kitazato-ivf.com\/es\/cateteres-transferencia-embrionaria-inseminacion\/cateter-inseminacion\/","og_site_name":"Kitazato IVF","article_modified_time":"2025-07-07T10:43:10+00:00","og_image":[{"width":800,"height":607,"url":"https:\/\/kitazato-ivf.com\/wp-content\/uploads\/2021\/05\/Intrauterine_Insemination_Catheter_IUI_Catheters_Kitazato.jpg","type":"image\/jpeg"}],"twitter_card":"summary_large_image","twitter_misc":{"Tiempo de lectura":"1 minuto"},"schema":{"@context":"https:\/\/schema.org","@graph":[{"@type":"WebPage","@id":"https:\/\/kitazato-ivf.com\/es\/cateteres-transferencia-embrionaria-inseminacion\/cateter-inseminacion\/","url":"https:\/\/kitazato-ivf.com\/es\/cateteres-transferencia-embrionaria-inseminacion\/cateter-inseminacion\/","name":"Cat\u00e9teres de Inseminaci\u00f3n - Kitazato IVF","isPartOf":{"@id":"https:\/\/kitazato-ivf.com\/#website"},"primaryImageOfPage":{"@id":"https:\/\/kitazato-ivf.com\/es\/cateteres-transferencia-embrionaria-inseminacion\/cateter-inseminacion\/#primaryimage"},"image":{"@id":"https:\/\/kitazato-ivf.com\/es\/cateteres-transferencia-embrionaria-inseminacion\/cateter-inseminacion\/#primaryimage"},"thumbnailUrl":"https:\/\/kitazato-ivf.com\/wp-content\/uploads\/2021\/05\/Intrauterine_Insemination_Catheter_IUI_Catheters_Kitazato.jpg","datePublished":"2021-05-05T14:32:55+00:00","dateModified":"2025-07-07T10:43:10+00:00","description":"Kitazato cuenta con un amplia gama de Cat\u00e9teres de Inseminaci\u00f3n Intrauterina seg\u00fan tus preferencias con 4 niveles de rigidez y 2 longitudes diferentes","breadcrumb":{"@id":"https:\/\/kitazato-ivf.com\/es\/cateteres-transferencia-embrionaria-inseminacion\/cateter-inseminacion\/#breadcrumb"},"inLanguage":"es","potentialAction":[{"@type":"ReadAction","target":["https:\/\/kitazato-ivf.com\/es\/cateteres-transferencia-embrionaria-inseminacion\/cateter-inseminacion\/"]}]},{"@type":"ImageObject","inLanguage":"es","@id":"https:\/\/kitazato-ivf.com\/es\/cateteres-transferencia-embrionaria-inseminacion\/cateter-inseminacion\/#primaryimage","url":"https:\/\/kitazato-ivf.com\/wp-content\/uploads\/2021\/05\/Intrauterine_Insemination_Catheter_IUI_Catheters_Kitazato.jpg","contentUrl":"https:\/\/kitazato-ivf.com\/wp-content\/uploads\/2021\/05\/Intrauterine_Insemination_Catheter_IUI_Catheters_Kitazato.jpg","width":800,"height":607,"caption":"Intrauterine Insemination Catheter IUI Catheters Kitazato"},{"@type":"BreadcrumbList","@id":"https:\/\/kitazato-ivf.com\/es\/cateteres-transferencia-embrionaria-inseminacion\/cateter-inseminacion\/#breadcrumb","itemListElement":[{"@type":"ListItem","position":1,"name":"Home","item":"https:\/\/kitazato-ivf.com\/es\/"},{"@type":"ListItem","position":2,"name":"Cat\u00e9teres de Transferencia Embrionaria e Inseminaci\u00f3n","item":"https:\/\/kitazato-ivf.com\/es\/cateteres-transferencia-embrionaria-inseminacion\/"},{"@type":"ListItem","position":3,"name":"Cat\u00e9teres de Inseminaci\u00f3n"}]},{"@type":"WebSite","@id":"https:\/\/kitazato-ivf.com\/#website","url":"https:\/\/kitazato-ivf.com\/","name":"Kitazato IVF","description":"Quality results for life","potentialAction":[{"@type":"SearchAction","target":{"@type":"EntryPoint","urlTemplate":"https:\/\/kitazato-ivf.com\/?s={search_term_string}"},"query-input":{"@type":"PropertyValueSpecification","valueRequired":true,"valueName":"search_term_string"}}],"inLanguage":"es"}]}},"_links":{"self":[{"href":"https:\/\/kitazato-ivf.com\/es\/wp-json\/wp\/v2\/pages\/16736","targetHints":{"allow":["GET"]}}],"collection":[{"href":"https:\/\/kitazato-ivf.com\/es\/wp-json\/wp\/v2\/pages"}],"about":[{"href":"https:\/\/kitazato-ivf.com\/es\/wp-json\/wp\/v2\/types\/page"}],"author":[{"embeddable":true,"href":"https:\/\/kitazato-ivf.com\/es\/wp-json\/wp\/v2\/users\/6"}],"replies":[{"embeddable":true,"href":"https:\/\/kitazato-ivf.com\/es\/wp-json\/wp\/v2\/comments?post=16736"}],"version-history":[{"count":29,"href":"https:\/\/kitazato-ivf.com\/es\/wp-json\/wp\/v2\/pages\/16736\/revisions"}],"predecessor-version":[{"id":33956,"href":"https:\/\/kitazato-ivf.com\/es\/wp-json\/wp\/v2\/pages\/16736\/revisions\/33956"}],"up":[{"embeddable":true,"href":"https:\/\/kitazato-ivf.com\/es\/wp-json\/wp\/v2\/pages\/16719"}],"wp:featuredmedia":[{"embeddable":true,"href":"https:\/\/kitazato-ivf.com\/es\/wp-json\/wp\/v2\/media\/15175"}],"wp:attachment":[{"href":"https:\/\/kitazato-ivf.com\/es\/wp-json\/wp\/v2\/media?parent=16736"}],"curies":[{"name":"wp","href":"https:\/\/api.w.org\/{rel}","templated":true}]}}