{"id":16714,"date":"2021-04-19T12:35:42","date_gmt":"2021-04-19T12:35:42","guid":{"rendered":"https:\/\/kitazato-ivf.com\/privacy-policy\/"},"modified":"2022-02-28T16:07:57","modified_gmt":"2022-02-28T16:07:57","slug":"politica-privacidad","status":"publish","type":"page","link":"https:\/\/kitazato-ivf.com\/es\/politica-privacidad\/","title":{"rendered":"Pol\u00edtica de Privacidad"},"content":{"rendered":"\n<p>Kitazato Corporation se preocupa por su privacidad. Por lo tanto, Kitazato siempre se esfuerza por proteger sus datos personales de la mejor manera posible y por cumplir con todas las leyes y regulaciones aplicables para la protecci\u00f3n de datos personales. A continuaci\u00f3n describiremos el tratamiento de sus datos personales y sus derechos:<\/p>\n\n\n\n<h3 class=\"wp-block-heading\"><strong>\u00bfQUI\u00c9N ES LA PARTE RESPONSABLE?<\/strong><\/h3>\n\n\n\n<p>Kitazato Corporation designa a Biomedical Supply S.L., C \/ Jorge Com\u00edn, 3, bajo, 46015 Valencia, (Espa\u00f1a), como la entidad responsable del desarrollo y gesti\u00f3n de su sitio web y del tratamiento de sus datos. Si es necesario, puede contactarnos por correo electr\u00f3nico a la siguiente direcci\u00f3n: <a href=\"mailto:info@dibimed.com\">info@dibimed.com<\/a>.<\/p>\n\n\n\n<p>Adicionalmente, contamos con un Delegado de Protecci\u00f3n de Datos con quien puede contactar en <a href=\"mailto:rgpd@dibimed.com\">rgpd@dibimed.com<\/a> o por correo postal en la direcci\u00f3n antes mencionada.<\/p>\n\n\n\n<h3 class=\"wp-block-heading\"><strong>\u00bfC\u00d3MO TRATAMOS TUS DATOS Y CON QU\u00c9 FINALIDAD?<\/strong><\/h3>\n\n\n\n<p>Tus datos personales ser\u00e1n tratados de acuerdo con el Reglamento General de Protecci\u00f3n de Datos, y la ley local con la finalidad que se indica a continuaci\u00f3n:<\/p>\n\n\n\n<h5 class=\"wp-block-heading\">Consentimiento del interesado<\/h5>\n\n\n\n<p>El tratamiento de tus datos personales se llevar\u00e1 a cabo siempre que nos hayas dado tu consentimiento, para las siguientes finalidades:<\/p>\n\n\n\n<p>Responder a tus consultas y solicitudes realizadas a trav\u00e9s de los canales de contacto y realizar un seguimiento posterior. Al cumplimentar los formularios de contacto y facilitar los datos necesarios, entendemos que el interesado presta su consentimiento para tratar sus datos con esta finalidad.<\/p>\n\n\n\n<p>Comunicarse contigo con fines informativos, de inter\u00e9s general o comerciales por medios electr\u00f3nicos o no electr\u00f3nicos.<\/p>\n\n\n\n<p>Extraer informaci\u00f3n derivada del uso de cookies para analizar y evaluar tu actividad en nuestros canales digitales.<\/p>\n\n\n\n<p>Puedes retirar tu consentimiento para el procesamiento de tus datos en cualquier momento. La retirada del consentimiento prestado no afectar\u00e1 a la licitud del tratamiento realizado antes de la retirada del consentimiento.<\/p>\n\n\n\n<h5 class=\"wp-block-heading\">Inter\u00e9s leg\u00edtimo<\/h5>\n\n\n\n<p>Cuando sea necesario, Biomedical Supply S.L. procesar\u00e1 tus datos personales para satisfacer sus propios intereses leg\u00edtimos, siempre que tus intereses, derechos y libertades b\u00e1sicas no prevalezcan sobre nuestros intereses leg\u00edtimos. En este sentido, tus datos ser\u00e1n tratados con la finalidad de analizar tus necesidades, incluida la segmentaci\u00f3n, con el fin de identificar posibles campa\u00f1as que puedan ser de tu inter\u00e9s. En cualquier caso, puedes optar por no participar en cada comunicaci\u00f3n que recibas.&nbsp;<\/p>\n\n\n\n<h5 class=\"wp-block-heading\">Obligaci\u00f3n legal aplicable al responsable del tratamiento<\/h5>\n\n\n\n<p>Biomedical Supply S.L. tratar\u00e1 tus datos con la finalidad de obtener, almacenar y gestionar el consentimiento relacionado con la protecci\u00f3n de los datos facilitados, con el fin de demostrar que cumple con la normativa de protecci\u00f3n de datos.<\/p>\n\n\n\n<p>En caso de que no permita el tratamiento de sus datos personales con esta finalidad y dado que su tratamiento es necesario para cumplir con las obligaciones legales aplicables a Biomedical Supply S.L., no ser\u00e1 posible prestarle los servicios que solicite.<\/p>\n\n\n\n<h3 class=\"wp-block-heading\"><strong> \u00bfCON QUI\u00c9N COMPARTIMOS TUS DATOS?<\/strong><\/h3>\n\n\n\n<p>Para llevar a cabo todas las finalidades antes mencionadas, Biomedical Supply S.L. colabora con Kitazato Corporation, con terceros proveedores de servicios y empresas de log\u00edstica con el fin de cumplir con cualquier pedido de producto y cualquier demanda de los clientes.<br>En cualquier caso, Biomedical Supply S.L. sigue estrictos criterios de selecci\u00f3n para estos terceros con el fin de cumplir con sus obligaciones de protecci\u00f3n de datos y garantizar que estos terceros cumplan con sus obligaciones de protecci\u00f3n de datos. Adicionalmente, el uso de los datos personales ser\u00e1 \u00fanica y exclusivamente para las finalidades pactadas, quedando prohibido tratar estos datos personales para otras finalidades o cederlos a terceros.<br>Biomedical Supply S.L. Tambi\u00e9n est\u00e1 presente en las siguientes redes sociales: Instagram, Facebook, Twitter, LinkedIn y Youtube como responsable de las p\u00e1ginas oficiales de Kitazato. Biomedical Supply S.L. no comparte ni comunica ninguna informaci\u00f3n personal de los usuarios seguidores en estas redes sociales, y como administrador en cada uno de estos canales sociales, adoptamos las medidas de seguridad y configuraciones de privacidad adecuadas que brindan estas redes sociales.<\/p>\n\n\n\n<h3 class=\"wp-block-heading\"><strong>\u00bfPOR CU\u00c1NTO TIEMPO CONSERVAMOS TUS DATOS?<\/strong><\/h3>\n\n\n\n<p>Biomedical Supply S.L. cumplir\u00e1 con la normativa vigente sobre cu\u00e1ndo deban suprimirse los datos personales una vez conseguida la finalidad en cuesti\u00f3n, o cuando revoques tu consentimiento para su tratamiento, quedando a disposici\u00f3n exclusiva de los Juzgados y Tribunales y \u00f3rganos estatales competentes para atender las posibles responsabilidades que se deriven desde el procesamiento, y solo durante los per\u00edodos descritos para estas responsabilidades. Una vez transcurridos estos plazos, esta informaci\u00f3n ser\u00e1 definitivamente eliminada por medios seguros.<\/p>\n\n\n\n<h3 class=\"wp-block-heading\"><strong>\u00bfC\u00d3MO OBTENEMOS TUS DATOS?<\/strong><\/h3>\n\n\n\n<p>Los datos personales que Biomedical Supply S.L. procesa son siempre facilitados directamente por los interesados a trav\u00e9s de los diferentes canales de contacto establecidos: formularios web, suscripci\u00f3n a newsletters, formularios de satisfacci\u00f3n, solicitudes de informaci\u00f3n, etc.<\/p>\n\n\n\n<h3 class=\"wp-block-heading\"><strong>\u00bfQU\u00c9 DERECHOS TIENES DESPU\u00c9S DE PROPORCIONARNOS TUS DATOS?<\/strong><\/h3>\n\n\n\n<p>De acuerdo con el Reglamento General de Protecci\u00f3n de Datos y la legislaci\u00f3n local, tiene derecho a ejercitar, si lo desea, los derechos de acceso, rectificaci\u00f3n y supresi\u00f3n de los datos, as\u00ed como a solicitar que el tratamiento de sus datos personales sea limitado, oponerse a ella, solicitando la portabilidad de sus datos, as\u00ed como no estar sujeto a decisiones individuales automatizadas.<\/p>\n\n\n\n<p><br>Adem\u00e1s, en cualquier momento, puedes revocar tu consentimiento para que hagamos uso de sus datos personales. En este sentido, cabe se\u00f1alar que la retirada del consentimiento prestado no afectar\u00e1 a la licitud del tratamiento realizado con anterioridad a la retirada de este consentimiento.<\/p>\n\n\n\n<p><br>Si deseas ejercitar los derechos antes mencionados, puedes contactarnos a <a href=\"mailto:rgpd@dibimed.com\">rgpd@dibimed.com<\/a> adjuntando la documentaci\u00f3n pertinente para verificar su identidad.<\/p>\n\n\n\n<h3 class=\"wp-block-heading\"><strong>\u00bfA QUI\u00c9N PUEDES PRESENTAR RECLAMOS?<\/strong><\/h3>\n\n\n\n<p>Si consideras que se han vulnerado tus derechos en materia de protecci\u00f3n de datos o si necesitas realizar alguna reclamaci\u00f3n relacionada con tu informaci\u00f3n personal, deber\u00e1s ponerte en contacto con el Delegado de Protecci\u00f3n de Datos, cuyos datos de contacto se pueden encontrar en el apartado 1.&nbsp;<\/p>\n\n\n\n<p><em>En cualquier caso, los interesados \u200b\u200bsiempre pueden acudir a la autoridad independiente constituida para defender los derechos de informaci\u00f3n de inter\u00e9s p\u00fablico, promoviendo la apertura de los organismos p\u00fablicos y la privacidad de los datos de las personas. Agencia Espa\u00f1ola de Protecci\u00f3n de datos <a href=\"https:\/\/www.aepd.es\/es\">https:\/\/www.aepd.es\/es<\/a><\/em><\/p>\n\n\n\n<h3 class=\"wp-block-heading\"><strong>\u00bfQU\u00c9 PASA SI SE CAMBIA LA POL\u00cdTICA DE PRIVACIDAD?<\/strong><\/h3>\n\n\n\n<p>Nos reservamos el derecho de cambiar la totalidad o parte de esta Pol\u00edtica de privacidad en cualquier momento, incluidas, entre otras, las actualizaciones de contenido y dise\u00f1o. Si proponemos utilizar tu Informaci\u00f3n personal de una manera materialmente diferente a la que se indica en el momento de la recopilaci\u00f3n, tendr\u00e1s la opci\u00f3n de aceptar o rechazar la forma en que usaremos tu Informaci\u00f3n personal a partir de ese momento. Tu uso continuado del sitio indicar\u00e1 la aceptaci\u00f3n de esos cambios.<\/p>\n\n\n\n<p>Junio, 2021<br>Biomedical Supply S.L. en nombre de Kitazato Corporation<\/p>\n","protected":false},"excerpt":{"rendered":"<p>Kitazato Corporation se preocupa por su privacidad. Por lo tanto, Kitazato siempre se esfuerza por proteger sus datos personales de la mejor manera posible y por cumplir con todas las leyes y regulaciones aplicables para la protecci\u00f3n de datos personales. A continuaci\u00f3n describiremos el tratamiento de sus datos personales y sus derechos: \u00bfQUI\u00c9N ES LA [&hellip;]<\/p>\n","protected":false},"author":6,"featured_media":0,"parent":0,"menu_order":104,"comment_status":"closed","ping_status":"open","template":"","meta":{"_acf_changed":false,"footnotes":""},"class_list":["post-16714","page","type-page","status-publish","hentry","entry"],"acf":[],"yoast_head":"<!-- This site is optimized with the Yoast SEO plugin v26.8 - https:\/\/yoast.com\/product\/yoast-seo-wordpress\/ -->\n<title>Pol\u00edtica de Privacidad - Kitazato IVF<\/title>\n<meta name=\"description\" content=\"Kitazato se esfuerza por proteger sus datos personales y por cumplir con todas las leyes y regulaciones aplicables para la protecci\u00f3n de datos personales\" \/>\n<meta name=\"robots\" content=\"index, follow, max-snippet:-1, max-image-preview:large, max-video-preview:-1\" \/>\n<link rel=\"canonical\" href=\"https:\/\/kitazato-ivf.com\/es\/politica-privacidad\/\" \/>\n<meta property=\"og:locale\" content=\"es_ES\" \/>\n<meta property=\"og:type\" content=\"article\" \/>\n<meta property=\"og:title\" content=\"Pol\u00edtica de Privacidad - Kitazato IVF\" \/>\n<meta property=\"og:description\" content=\"Kitazato se esfuerza por proteger sus datos personales y por cumplir con todas las leyes y regulaciones aplicables para la protecci\u00f3n de datos personales\" \/>\n<meta property=\"og:url\" content=\"https:\/\/kitazato-ivf.com\/es\/politica-privacidad\/\" \/>\n<meta property=\"og:site_name\" content=\"Kitazato IVF\" \/>\n<meta property=\"article:modified_time\" content=\"2022-02-28T16:07:57+00:00\" \/>\n<meta name=\"twitter:card\" content=\"summary_large_image\" \/>\n<meta name=\"twitter:label1\" content=\"Tiempo de lectura\" \/>\n\t<meta name=\"twitter:data1\" content=\"5 minutos\" \/>\n<script type=\"application\/ld+json\" class=\"yoast-schema-graph\">{\"@context\":\"https:\/\/schema.org\",\"@graph\":[{\"@type\":\"WebPage\",\"@id\":\"https:\/\/kitazato-ivf.com\/es\/politica-privacidad\/\",\"url\":\"https:\/\/kitazato-ivf.com\/es\/politica-privacidad\/\",\"name\":\"Pol\u00edtica de Privacidad - Kitazato IVF\",\"isPartOf\":{\"@id\":\"https:\/\/kitazato-ivf.com\/#website\"},\"datePublished\":\"2021-04-19T12:35:42+00:00\",\"dateModified\":\"2022-02-28T16:07:57+00:00\",\"description\":\"Kitazato se esfuerza por proteger sus datos personales y por cumplir con todas las leyes y regulaciones aplicables para la protecci\u00f3n de datos personales\",\"breadcrumb\":{\"@id\":\"https:\/\/kitazato-ivf.com\/es\/politica-privacidad\/#breadcrumb\"},\"inLanguage\":\"es\",\"potentialAction\":[{\"@type\":\"ReadAction\",\"target\":[\"https:\/\/kitazato-ivf.com\/es\/politica-privacidad\/\"]}]},{\"@type\":\"BreadcrumbList\",\"@id\":\"https:\/\/kitazato-ivf.com\/es\/politica-privacidad\/#breadcrumb\",\"itemListElement\":[{\"@type\":\"ListItem\",\"position\":1,\"name\":\"Home\",\"item\":\"https:\/\/kitazato-ivf.com\/es\/\"},{\"@type\":\"ListItem\",\"position\":2,\"name\":\"Pol\u00edtica de Privacidad\"}]},{\"@type\":\"WebSite\",\"@id\":\"https:\/\/kitazato-ivf.com\/#website\",\"url\":\"https:\/\/kitazato-ivf.com\/\",\"name\":\"Kitazato IVF\",\"description\":\"Quality results for life\",\"potentialAction\":[{\"@type\":\"SearchAction\",\"target\":{\"@type\":\"EntryPoint\",\"urlTemplate\":\"https:\/\/kitazato-ivf.com\/?s={search_term_string}\"},\"query-input\":{\"@type\":\"PropertyValueSpecification\",\"valueRequired\":true,\"valueName\":\"search_term_string\"}}],\"inLanguage\":\"es\"}]}<\/script>\n<!-- \/ Yoast SEO plugin. -->","yoast_head_json":{"title":"Pol\u00edtica de Privacidad - Kitazato IVF","description":"Kitazato se esfuerza por proteger sus datos personales y por cumplir con todas las leyes y regulaciones aplicables para la protecci\u00f3n de datos personales","robots":{"index":"index","follow":"follow","max-snippet":"max-snippet:-1","max-image-preview":"max-image-preview:large","max-video-preview":"max-video-preview:-1"},"canonical":"https:\/\/kitazato-ivf.com\/es\/politica-privacidad\/","og_locale":"es_ES","og_type":"article","og_title":"Pol\u00edtica de Privacidad - Kitazato IVF","og_description":"Kitazato se esfuerza por proteger sus datos personales y por cumplir con todas las leyes y regulaciones aplicables para la protecci\u00f3n de datos personales","og_url":"https:\/\/kitazato-ivf.com\/es\/politica-privacidad\/","og_site_name":"Kitazato IVF","article_modified_time":"2022-02-28T16:07:57+00:00","twitter_card":"summary_large_image","twitter_misc":{"Tiempo de lectura":"5 minutos"},"schema":{"@context":"https:\/\/schema.org","@graph":[{"@type":"WebPage","@id":"https:\/\/kitazato-ivf.com\/es\/politica-privacidad\/","url":"https:\/\/kitazato-ivf.com\/es\/politica-privacidad\/","name":"Pol\u00edtica de Privacidad - Kitazato IVF","isPartOf":{"@id":"https:\/\/kitazato-ivf.com\/#website"},"datePublished":"2021-04-19T12:35:42+00:00","dateModified":"2022-02-28T16:07:57+00:00","description":"Kitazato se esfuerza por proteger sus datos personales y por cumplir con todas las leyes y regulaciones aplicables para la protecci\u00f3n de datos personales","breadcrumb":{"@id":"https:\/\/kitazato-ivf.com\/es\/politica-privacidad\/#breadcrumb"},"inLanguage":"es","potentialAction":[{"@type":"ReadAction","target":["https:\/\/kitazato-ivf.com\/es\/politica-privacidad\/"]}]},{"@type":"BreadcrumbList","@id":"https:\/\/kitazato-ivf.com\/es\/politica-privacidad\/#breadcrumb","itemListElement":[{"@type":"ListItem","position":1,"name":"Home","item":"https:\/\/kitazato-ivf.com\/es\/"},{"@type":"ListItem","position":2,"name":"Pol\u00edtica de Privacidad"}]},{"@type":"WebSite","@id":"https:\/\/kitazato-ivf.com\/#website","url":"https:\/\/kitazato-ivf.com\/","name":"Kitazato IVF","description":"Quality results for life","potentialAction":[{"@type":"SearchAction","target":{"@type":"EntryPoint","urlTemplate":"https:\/\/kitazato-ivf.com\/?s={search_term_string}"},"query-input":{"@type":"PropertyValueSpecification","valueRequired":true,"valueName":"search_term_string"}}],"inLanguage":"es"}]}},"_links":{"self":[{"href":"https:\/\/kitazato-ivf.com\/es\/wp-json\/wp\/v2\/pages\/16714","targetHints":{"allow":["GET"]}}],"collection":[{"href":"https:\/\/kitazato-ivf.com\/es\/wp-json\/wp\/v2\/pages"}],"about":[{"href":"https:\/\/kitazato-ivf.com\/es\/wp-json\/wp\/v2\/types\/page"}],"author":[{"embeddable":true,"href":"https:\/\/kitazato-ivf.com\/es\/wp-json\/wp\/v2\/users\/6"}],"replies":[{"embeddable":true,"href":"https:\/\/kitazato-ivf.com\/es\/wp-json\/wp\/v2\/comments?post=16714"}],"version-history":[{"count":3,"href":"https:\/\/kitazato-ivf.com\/es\/wp-json\/wp\/v2\/pages\/16714\/revisions"}],"predecessor-version":[{"id":17906,"href":"https:\/\/kitazato-ivf.com\/es\/wp-json\/wp\/v2\/pages\/16714\/revisions\/17906"}],"wp:attachment":[{"href":"https:\/\/kitazato-ivf.com\/es\/wp-json\/wp\/v2\/media?parent=16714"}],"curies":[{"name":"wp","href":"https:\/\/api.w.org\/{rel}","templated":true}]}}