{"id":16405,"date":"2021-05-05T14:25:06","date_gmt":"2021-05-05T14:25:06","guid":{"rendered":"https:\/\/kitazato-ivf.com\/ivf-media-oils\/hypure-oil\/"},"modified":"2025-07-07T10:31:12","modified_gmt":"2025-07-07T10:31:12","slug":"hypure-oil-denso-ligero","status":"publish","type":"page","link":"https:\/\/kitazato-ivf.com\/es\/medios-fiv-aceites\/hypure-oil-denso-ligero\/","title":{"rendered":"Hypure\u00ae Oils: Denso y Ligero"},"content":{"rendered":"","protected":false},"excerpt":{"rendered":"","protected":false},"author":6,"featured_media":15256,"parent":16402,"menu_order":60,"comment_status":"closed","ping_status":"closed","template":"","meta":{"_acf_changed":false,"footnotes":""},"class_list":["post-16405","page","type-page","status-publish","has-post-thumbnail","hentry","entry"],"acf":[],"yoast_head":"<!-- This site is optimized with the Yoast SEO plugin v26.8 - https:\/\/yoast.com\/product\/yoast-seo-wordpress\/ -->\n<title>Aceites Hypure\u00ae: Denso y Ligero - Kitazato IVF<\/title>\n<meta name=\"description\" content=\"Los Hypure\u00ae Oils Denso y Ligero evitan la evaporaci\u00f3n r\u00e1pida del medio y mantienen los espec\u00edmenes a salvo de contaminantes durante el cultivo in vitro\" \/>\n<meta name=\"robots\" content=\"index, follow, max-snippet:-1, max-image-preview:large, max-video-preview:-1\" \/>\n<link rel=\"canonical\" href=\"https:\/\/kitazato-ivf.com\/es\/medios-fiv-aceites\/hypure-oil-denso-ligero\/\" \/>\n<meta property=\"og:locale\" content=\"es_ES\" \/>\n<meta property=\"og:type\" content=\"article\" \/>\n<meta property=\"og:title\" content=\"Aceites Hypure\u00ae: Denso y Ligero - Kitazato IVF\" \/>\n<meta property=\"og:description\" content=\"Los Hypure\u00ae Oils Denso y Ligero evitan la evaporaci\u00f3n r\u00e1pida del medio y mantienen los espec\u00edmenes a salvo de contaminantes durante el cultivo in vitro\" \/>\n<meta property=\"og:url\" content=\"https:\/\/kitazato-ivf.com\/es\/medios-fiv-aceites\/hypure-oil-denso-ligero\/\" \/>\n<meta property=\"og:site_name\" content=\"Kitazato IVF\" \/>\n<meta property=\"article:modified_time\" content=\"2025-07-07T10:31:12+00:00\" \/>\n<meta property=\"og:image\" content=\"https:\/\/kitazato-ivf.com\/wp-content\/uploads\/2021\/05\/Hypure_Oils_light_heavy_Kitazato-4.jpg\" \/>\n\t<meta property=\"og:image:width\" content=\"890\" \/>\n\t<meta property=\"og:image:height\" content=\"780\" \/>\n\t<meta property=\"og:image:type\" content=\"image\/jpeg\" \/>\n<meta name=\"twitter:card\" content=\"summary_large_image\" \/>\n<meta name=\"twitter:label1\" content=\"Tiempo de lectura\" \/>\n\t<meta name=\"twitter:data1\" content=\"1 minuto\" \/>\n<script type=\"application\/ld+json\" class=\"yoast-schema-graph\">{\"@context\":\"https:\/\/schema.org\",\"@graph\":[{\"@type\":\"WebPage\",\"@id\":\"https:\/\/kitazato-ivf.com\/es\/medios-fiv-aceites\/hypure-oil-denso-ligero\/\",\"url\":\"https:\/\/kitazato-ivf.com\/es\/medios-fiv-aceites\/hypure-oil-denso-ligero\/\",\"name\":\"Aceites Hypure\u00ae: Denso y Ligero - Kitazato IVF\",\"isPartOf\":{\"@id\":\"https:\/\/kitazato-ivf.com\/#website\"},\"primaryImageOfPage\":{\"@id\":\"https:\/\/kitazato-ivf.com\/es\/medios-fiv-aceites\/hypure-oil-denso-ligero\/#primaryimage\"},\"image\":{\"@id\":\"https:\/\/kitazato-ivf.com\/es\/medios-fiv-aceites\/hypure-oil-denso-ligero\/#primaryimage\"},\"thumbnailUrl\":\"https:\/\/kitazato-ivf.com\/wp-content\/uploads\/2021\/05\/Hypure_Oils_light_heavy_Kitazato-4.jpg\",\"datePublished\":\"2021-05-05T14:25:06+00:00\",\"dateModified\":\"2025-07-07T10:31:12+00:00\",\"description\":\"Los Hypure\u00ae Oils Denso y Ligero evitan la evaporaci\u00f3n r\u00e1pida del medio y mantienen los espec\u00edmenes a salvo de contaminantes durante el cultivo in vitro\",\"breadcrumb\":{\"@id\":\"https:\/\/kitazato-ivf.com\/es\/medios-fiv-aceites\/hypure-oil-denso-ligero\/#breadcrumb\"},\"inLanguage\":\"es\",\"potentialAction\":[{\"@type\":\"ReadAction\",\"target\":[\"https:\/\/kitazato-ivf.com\/es\/medios-fiv-aceites\/hypure-oil-denso-ligero\/\"]}]},{\"@type\":\"ImageObject\",\"inLanguage\":\"es\",\"@id\":\"https:\/\/kitazato-ivf.com\/es\/medios-fiv-aceites\/hypure-oil-denso-ligero\/#primaryimage\",\"url\":\"https:\/\/kitazato-ivf.com\/wp-content\/uploads\/2021\/05\/Hypure_Oils_light_heavy_Kitazato-4.jpg\",\"contentUrl\":\"https:\/\/kitazato-ivf.com\/wp-content\/uploads\/2021\/05\/Hypure_Oils_light_heavy_Kitazato-4.jpg\",\"width\":890,\"height\":780,\"caption\":\"Hypure\u00ae Oils light heavy Kitazato 4\"},{\"@type\":\"BreadcrumbList\",\"@id\":\"https:\/\/kitazato-ivf.com\/es\/medios-fiv-aceites\/hypure-oil-denso-ligero\/#breadcrumb\",\"itemListElement\":[{\"@type\":\"ListItem\",\"position\":1,\"name\":\"Home\",\"item\":\"https:\/\/kitazato-ivf.com\/es\/\"},{\"@type\":\"ListItem\",\"position\":2,\"name\":\"Medios y aceites\",\"item\":\"https:\/\/kitazato-ivf.com\/es\/medios-fiv-aceites\/\"},{\"@type\":\"ListItem\",\"position\":3,\"name\":\"Hypure\u00ae Oils: Denso y Ligero\"}]},{\"@type\":\"WebSite\",\"@id\":\"https:\/\/kitazato-ivf.com\/#website\",\"url\":\"https:\/\/kitazato-ivf.com\/\",\"name\":\"Kitazato IVF\",\"description\":\"Quality results for life\",\"potentialAction\":[{\"@type\":\"SearchAction\",\"target\":{\"@type\":\"EntryPoint\",\"urlTemplate\":\"https:\/\/kitazato-ivf.com\/?s={search_term_string}\"},\"query-input\":{\"@type\":\"PropertyValueSpecification\",\"valueRequired\":true,\"valueName\":\"search_term_string\"}}],\"inLanguage\":\"es\"}]}<\/script>\n<!-- \/ Yoast SEO plugin. -->","yoast_head_json":{"title":"Aceites Hypure\u00ae: Denso y Ligero - Kitazato IVF","description":"Los Hypure\u00ae Oils Denso y Ligero evitan la evaporaci\u00f3n r\u00e1pida del medio y mantienen los espec\u00edmenes a salvo de contaminantes durante el cultivo in vitro","robots":{"index":"index","follow":"follow","max-snippet":"max-snippet:-1","max-image-preview":"max-image-preview:large","max-video-preview":"max-video-preview:-1"},"canonical":"https:\/\/kitazato-ivf.com\/es\/medios-fiv-aceites\/hypure-oil-denso-ligero\/","og_locale":"es_ES","og_type":"article","og_title":"Aceites Hypure\u00ae: Denso y Ligero - Kitazato IVF","og_description":"Los Hypure\u00ae Oils Denso y Ligero evitan la evaporaci\u00f3n r\u00e1pida del medio y mantienen los espec\u00edmenes a salvo de contaminantes durante el cultivo in vitro","og_url":"https:\/\/kitazato-ivf.com\/es\/medios-fiv-aceites\/hypure-oil-denso-ligero\/","og_site_name":"Kitazato IVF","article_modified_time":"2025-07-07T10:31:12+00:00","og_image":[{"width":890,"height":780,"url":"https:\/\/kitazato-ivf.com\/wp-content\/uploads\/2021\/05\/Hypure_Oils_light_heavy_Kitazato-4.jpg","type":"image\/jpeg"}],"twitter_card":"summary_large_image","twitter_misc":{"Tiempo de lectura":"1 minuto"},"schema":{"@context":"https:\/\/schema.org","@graph":[{"@type":"WebPage","@id":"https:\/\/kitazato-ivf.com\/es\/medios-fiv-aceites\/hypure-oil-denso-ligero\/","url":"https:\/\/kitazato-ivf.com\/es\/medios-fiv-aceites\/hypure-oil-denso-ligero\/","name":"Aceites Hypure\u00ae: Denso y Ligero - Kitazato IVF","isPartOf":{"@id":"https:\/\/kitazato-ivf.com\/#website"},"primaryImageOfPage":{"@id":"https:\/\/kitazato-ivf.com\/es\/medios-fiv-aceites\/hypure-oil-denso-ligero\/#primaryimage"},"image":{"@id":"https:\/\/kitazato-ivf.com\/es\/medios-fiv-aceites\/hypure-oil-denso-ligero\/#primaryimage"},"thumbnailUrl":"https:\/\/kitazato-ivf.com\/wp-content\/uploads\/2021\/05\/Hypure_Oils_light_heavy_Kitazato-4.jpg","datePublished":"2021-05-05T14:25:06+00:00","dateModified":"2025-07-07T10:31:12+00:00","description":"Los Hypure\u00ae Oils Denso y Ligero evitan la evaporaci\u00f3n r\u00e1pida del medio y mantienen los espec\u00edmenes a salvo de contaminantes durante el cultivo in vitro","breadcrumb":{"@id":"https:\/\/kitazato-ivf.com\/es\/medios-fiv-aceites\/hypure-oil-denso-ligero\/#breadcrumb"},"inLanguage":"es","potentialAction":[{"@type":"ReadAction","target":["https:\/\/kitazato-ivf.com\/es\/medios-fiv-aceites\/hypure-oil-denso-ligero\/"]}]},{"@type":"ImageObject","inLanguage":"es","@id":"https:\/\/kitazato-ivf.com\/es\/medios-fiv-aceites\/hypure-oil-denso-ligero\/#primaryimage","url":"https:\/\/kitazato-ivf.com\/wp-content\/uploads\/2021\/05\/Hypure_Oils_light_heavy_Kitazato-4.jpg","contentUrl":"https:\/\/kitazato-ivf.com\/wp-content\/uploads\/2021\/05\/Hypure_Oils_light_heavy_Kitazato-4.jpg","width":890,"height":780,"caption":"Hypure\u00ae Oils light heavy Kitazato 4"},{"@type":"BreadcrumbList","@id":"https:\/\/kitazato-ivf.com\/es\/medios-fiv-aceites\/hypure-oil-denso-ligero\/#breadcrumb","itemListElement":[{"@type":"ListItem","position":1,"name":"Home","item":"https:\/\/kitazato-ivf.com\/es\/"},{"@type":"ListItem","position":2,"name":"Medios y aceites","item":"https:\/\/kitazato-ivf.com\/es\/medios-fiv-aceites\/"},{"@type":"ListItem","position":3,"name":"Hypure\u00ae Oils: Denso y Ligero"}]},{"@type":"WebSite","@id":"https:\/\/kitazato-ivf.com\/#website","url":"https:\/\/kitazato-ivf.com\/","name":"Kitazato IVF","description":"Quality results for life","potentialAction":[{"@type":"SearchAction","target":{"@type":"EntryPoint","urlTemplate":"https:\/\/kitazato-ivf.com\/?s={search_term_string}"},"query-input":{"@type":"PropertyValueSpecification","valueRequired":true,"valueName":"search_term_string"}}],"inLanguage":"es"}]}},"_links":{"self":[{"href":"https:\/\/kitazato-ivf.com\/es\/wp-json\/wp\/v2\/pages\/16405","targetHints":{"allow":["GET"]}}],"collection":[{"href":"https:\/\/kitazato-ivf.com\/es\/wp-json\/wp\/v2\/pages"}],"about":[{"href":"https:\/\/kitazato-ivf.com\/es\/wp-json\/wp\/v2\/types\/page"}],"author":[{"embeddable":true,"href":"https:\/\/kitazato-ivf.com\/es\/wp-json\/wp\/v2\/users\/6"}],"replies":[{"embeddable":true,"href":"https:\/\/kitazato-ivf.com\/es\/wp-json\/wp\/v2\/comments?post=16405"}],"version-history":[{"count":42,"href":"https:\/\/kitazato-ivf.com\/es\/wp-json\/wp\/v2\/pages\/16405\/revisions"}],"predecessor-version":[{"id":33944,"href":"https:\/\/kitazato-ivf.com\/es\/wp-json\/wp\/v2\/pages\/16405\/revisions\/33944"}],"up":[{"embeddable":true,"href":"https:\/\/kitazato-ivf.com\/es\/wp-json\/wp\/v2\/pages\/16402"}],"wp:featuredmedia":[{"embeddable":true,"href":"https:\/\/kitazato-ivf.com\/es\/wp-json\/wp\/v2\/media\/15256"}],"wp:attachment":[{"href":"https:\/\/kitazato-ivf.com\/es\/wp-json\/wp\/v2\/media?parent=16405"}],"curies":[{"name":"wp","href":"https:\/\/api.w.org\/{rel}","templated":true}]}}