{"id":16403,"date":"2021-05-05T14:12:17","date_gmt":"2021-05-05T14:12:17","guid":{"rendered":"https:\/\/kitazato-ivf.com\/ivf-media-oils\/sepasperm\/"},"modified":"2025-07-07T10:49:25","modified_gmt":"2025-07-07T10:49:25","slug":"sepasperm","status":"publish","type":"page","link":"https:\/\/kitazato-ivf.com\/es\/medios-fiv-aceites\/sepasperm\/","title":{"rendered":"SepaSperm\u00ae &#038; SepaSperm\u00ae Wash"},"content":{"rendered":"","protected":false},"excerpt":{"rendered":"","protected":false},"author":6,"featured_media":15259,"parent":16402,"menu_order":63,"comment_status":"closed","ping_status":"closed","template":"","meta":{"_acf_changed":false,"footnotes":""},"class_list":["post-16403","page","type-page","status-publish","has-post-thumbnail","hentry","entry"],"acf":[],"yoast_head":"<!-- This site is optimized with the Yoast SEO plugin v26.8 - https:\/\/yoast.com\/product\/yoast-seo-wordpress\/ -->\n<title>Aceites y Medios - ScepaSperm\u00ae &amp; SepaSperm\u00ae Wash - Kitazato IVF<\/title>\n<meta name=\"description\" content=\"Soluciones utilizadas para el lavado y la separaci\u00f3n de espermatozoides m\u00f3viles de c\u00e9lulas no germinales, espermatozoides inm\u00f3viles y l\u00edquido seminal mediante un m\u00e9todo de gradiente de densidad.\" \/>\n<meta name=\"robots\" content=\"index, follow, max-snippet:-1, max-image-preview:large, max-video-preview:-1\" \/>\n<link rel=\"canonical\" href=\"https:\/\/kitazato-ivf.com\/es\/medios-fiv-aceites\/sepasperm\/\" \/>\n<meta property=\"og:locale\" content=\"es_ES\" \/>\n<meta property=\"og:type\" content=\"article\" \/>\n<meta property=\"og:title\" content=\"Aceites y Medios - ScepaSperm\u00ae &amp; SepaSperm\u00ae Wash - Kitazato IVF\" \/>\n<meta property=\"og:description\" content=\"Soluciones utilizadas para el lavado y la separaci\u00f3n de espermatozoides m\u00f3viles de c\u00e9lulas no germinales, espermatozoides inm\u00f3viles y l\u00edquido seminal mediante un m\u00e9todo de gradiente de densidad.\" \/>\n<meta property=\"og:url\" content=\"https:\/\/kitazato-ivf.com\/es\/medios-fiv-aceites\/sepasperm\/\" \/>\n<meta property=\"og:site_name\" content=\"Kitazato IVF\" \/>\n<meta property=\"article:modified_time\" content=\"2025-07-07T10:49:25+00:00\" \/>\n<meta property=\"og:image\" content=\"https:\/\/kitazato-ivf.com\/wp-content\/uploads\/2021\/05\/Sepasperm_Solution_100_Media_Kitazato-1.jpg\" \/>\n\t<meta property=\"og:image:width\" content=\"910\" \/>\n\t<meta property=\"og:image:height\" content=\"800\" \/>\n\t<meta property=\"og:image:type\" content=\"image\/jpeg\" \/>\n<meta name=\"twitter:card\" content=\"summary_large_image\" \/>\n<meta name=\"twitter:label1\" content=\"Tiempo de lectura\" \/>\n\t<meta name=\"twitter:data1\" content=\"1 minuto\" \/>\n<script type=\"application\/ld+json\" class=\"yoast-schema-graph\">{\"@context\":\"https:\/\/schema.org\",\"@graph\":[{\"@type\":\"WebPage\",\"@id\":\"https:\/\/kitazato-ivf.com\/es\/medios-fiv-aceites\/sepasperm\/\",\"url\":\"https:\/\/kitazato-ivf.com\/es\/medios-fiv-aceites\/sepasperm\/\",\"name\":\"Aceites y Medios - ScepaSperm\u00ae & SepaSperm\u00ae Wash - Kitazato IVF\",\"isPartOf\":{\"@id\":\"https:\/\/kitazato-ivf.com\/#website\"},\"primaryImageOfPage\":{\"@id\":\"https:\/\/kitazato-ivf.com\/es\/medios-fiv-aceites\/sepasperm\/#primaryimage\"},\"image\":{\"@id\":\"https:\/\/kitazato-ivf.com\/es\/medios-fiv-aceites\/sepasperm\/#primaryimage\"},\"thumbnailUrl\":\"https:\/\/kitazato-ivf.com\/wp-content\/uploads\/2021\/05\/Sepasperm_Solution_100_Media_Kitazato-1.jpg\",\"datePublished\":\"2021-05-05T14:12:17+00:00\",\"dateModified\":\"2025-07-07T10:49:25+00:00\",\"description\":\"Soluciones utilizadas para el lavado y la separaci\u00f3n de espermatozoides m\u00f3viles de c\u00e9lulas no germinales, espermatozoides inm\u00f3viles y l\u00edquido seminal mediante un m\u00e9todo de gradiente de densidad.\",\"breadcrumb\":{\"@id\":\"https:\/\/kitazato-ivf.com\/es\/medios-fiv-aceites\/sepasperm\/#breadcrumb\"},\"inLanguage\":\"es\",\"potentialAction\":[{\"@type\":\"ReadAction\",\"target\":[\"https:\/\/kitazato-ivf.com\/es\/medios-fiv-aceites\/sepasperm\/\"]}]},{\"@type\":\"ImageObject\",\"inLanguage\":\"es\",\"@id\":\"https:\/\/kitazato-ivf.com\/es\/medios-fiv-aceites\/sepasperm\/#primaryimage\",\"url\":\"https:\/\/kitazato-ivf.com\/wp-content\/uploads\/2021\/05\/Sepasperm_Solution_100_Media_Kitazato-1.jpg\",\"contentUrl\":\"https:\/\/kitazato-ivf.com\/wp-content\/uploads\/2021\/05\/Sepasperm_Solution_100_Media_Kitazato-1.jpg\",\"width\":910,\"height\":800,\"caption\":\"Sepasperm Solution 100 Media Kitazato 1\"},{\"@type\":\"BreadcrumbList\",\"@id\":\"https:\/\/kitazato-ivf.com\/es\/medios-fiv-aceites\/sepasperm\/#breadcrumb\",\"itemListElement\":[{\"@type\":\"ListItem\",\"position\":1,\"name\":\"Home\",\"item\":\"https:\/\/kitazato-ivf.com\/es\/\"},{\"@type\":\"ListItem\",\"position\":2,\"name\":\"Medios y aceites\",\"item\":\"https:\/\/kitazato-ivf.com\/es\/medios-fiv-aceites\/\"},{\"@type\":\"ListItem\",\"position\":3,\"name\":\"SepaSperm\u00ae &#038; SepaSperm\u00ae Wash\"}]},{\"@type\":\"WebSite\",\"@id\":\"https:\/\/kitazato-ivf.com\/#website\",\"url\":\"https:\/\/kitazato-ivf.com\/\",\"name\":\"Kitazato IVF\",\"description\":\"Quality results for life\",\"potentialAction\":[{\"@type\":\"SearchAction\",\"target\":{\"@type\":\"EntryPoint\",\"urlTemplate\":\"https:\/\/kitazato-ivf.com\/?s={search_term_string}\"},\"query-input\":{\"@type\":\"PropertyValueSpecification\",\"valueRequired\":true,\"valueName\":\"search_term_string\"}}],\"inLanguage\":\"es\"}]}<\/script>\n<!-- \/ Yoast SEO plugin. -->","yoast_head_json":{"title":"Aceites y Medios - ScepaSperm\u00ae & SepaSperm\u00ae Wash - Kitazato IVF","description":"Soluciones utilizadas para el lavado y la separaci\u00f3n de espermatozoides m\u00f3viles de c\u00e9lulas no germinales, espermatozoides inm\u00f3viles y l\u00edquido seminal mediante un m\u00e9todo de gradiente de densidad.","robots":{"index":"index","follow":"follow","max-snippet":"max-snippet:-1","max-image-preview":"max-image-preview:large","max-video-preview":"max-video-preview:-1"},"canonical":"https:\/\/kitazato-ivf.com\/es\/medios-fiv-aceites\/sepasperm\/","og_locale":"es_ES","og_type":"article","og_title":"Aceites y Medios - ScepaSperm\u00ae & SepaSperm\u00ae Wash - Kitazato IVF","og_description":"Soluciones utilizadas para el lavado y la separaci\u00f3n de espermatozoides m\u00f3viles de c\u00e9lulas no germinales, espermatozoides inm\u00f3viles y l\u00edquido seminal mediante un m\u00e9todo de gradiente de densidad.","og_url":"https:\/\/kitazato-ivf.com\/es\/medios-fiv-aceites\/sepasperm\/","og_site_name":"Kitazato IVF","article_modified_time":"2025-07-07T10:49:25+00:00","og_image":[{"width":910,"height":800,"url":"https:\/\/kitazato-ivf.com\/wp-content\/uploads\/2021\/05\/Sepasperm_Solution_100_Media_Kitazato-1.jpg","type":"image\/jpeg"}],"twitter_card":"summary_large_image","twitter_misc":{"Tiempo de lectura":"1 minuto"},"schema":{"@context":"https:\/\/schema.org","@graph":[{"@type":"WebPage","@id":"https:\/\/kitazato-ivf.com\/es\/medios-fiv-aceites\/sepasperm\/","url":"https:\/\/kitazato-ivf.com\/es\/medios-fiv-aceites\/sepasperm\/","name":"Aceites y Medios - ScepaSperm\u00ae & SepaSperm\u00ae Wash - Kitazato IVF","isPartOf":{"@id":"https:\/\/kitazato-ivf.com\/#website"},"primaryImageOfPage":{"@id":"https:\/\/kitazato-ivf.com\/es\/medios-fiv-aceites\/sepasperm\/#primaryimage"},"image":{"@id":"https:\/\/kitazato-ivf.com\/es\/medios-fiv-aceites\/sepasperm\/#primaryimage"},"thumbnailUrl":"https:\/\/kitazato-ivf.com\/wp-content\/uploads\/2021\/05\/Sepasperm_Solution_100_Media_Kitazato-1.jpg","datePublished":"2021-05-05T14:12:17+00:00","dateModified":"2025-07-07T10:49:25+00:00","description":"Soluciones utilizadas para el lavado y la separaci\u00f3n de espermatozoides m\u00f3viles de c\u00e9lulas no germinales, espermatozoides inm\u00f3viles y l\u00edquido seminal mediante un m\u00e9todo de gradiente de densidad.","breadcrumb":{"@id":"https:\/\/kitazato-ivf.com\/es\/medios-fiv-aceites\/sepasperm\/#breadcrumb"},"inLanguage":"es","potentialAction":[{"@type":"ReadAction","target":["https:\/\/kitazato-ivf.com\/es\/medios-fiv-aceites\/sepasperm\/"]}]},{"@type":"ImageObject","inLanguage":"es","@id":"https:\/\/kitazato-ivf.com\/es\/medios-fiv-aceites\/sepasperm\/#primaryimage","url":"https:\/\/kitazato-ivf.com\/wp-content\/uploads\/2021\/05\/Sepasperm_Solution_100_Media_Kitazato-1.jpg","contentUrl":"https:\/\/kitazato-ivf.com\/wp-content\/uploads\/2021\/05\/Sepasperm_Solution_100_Media_Kitazato-1.jpg","width":910,"height":800,"caption":"Sepasperm Solution 100 Media Kitazato 1"},{"@type":"BreadcrumbList","@id":"https:\/\/kitazato-ivf.com\/es\/medios-fiv-aceites\/sepasperm\/#breadcrumb","itemListElement":[{"@type":"ListItem","position":1,"name":"Home","item":"https:\/\/kitazato-ivf.com\/es\/"},{"@type":"ListItem","position":2,"name":"Medios y aceites","item":"https:\/\/kitazato-ivf.com\/es\/medios-fiv-aceites\/"},{"@type":"ListItem","position":3,"name":"SepaSperm\u00ae &#038; SepaSperm\u00ae Wash"}]},{"@type":"WebSite","@id":"https:\/\/kitazato-ivf.com\/#website","url":"https:\/\/kitazato-ivf.com\/","name":"Kitazato IVF","description":"Quality results for life","potentialAction":[{"@type":"SearchAction","target":{"@type":"EntryPoint","urlTemplate":"https:\/\/kitazato-ivf.com\/?s={search_term_string}"},"query-input":{"@type":"PropertyValueSpecification","valueRequired":true,"valueName":"search_term_string"}}],"inLanguage":"es"}]}},"_links":{"self":[{"href":"https:\/\/kitazato-ivf.com\/es\/wp-json\/wp\/v2\/pages\/16403","targetHints":{"allow":["GET"]}}],"collection":[{"href":"https:\/\/kitazato-ivf.com\/es\/wp-json\/wp\/v2\/pages"}],"about":[{"href":"https:\/\/kitazato-ivf.com\/es\/wp-json\/wp\/v2\/types\/page"}],"author":[{"embeddable":true,"href":"https:\/\/kitazato-ivf.com\/es\/wp-json\/wp\/v2\/users\/6"}],"replies":[{"embeddable":true,"href":"https:\/\/kitazato-ivf.com\/es\/wp-json\/wp\/v2\/comments?post=16403"}],"version-history":[{"count":24,"href":"https:\/\/kitazato-ivf.com\/es\/wp-json\/wp\/v2\/pages\/16403\/revisions"}],"predecessor-version":[{"id":33961,"href":"https:\/\/kitazato-ivf.com\/es\/wp-json\/wp\/v2\/pages\/16403\/revisions\/33961"}],"up":[{"embeddable":true,"href":"https:\/\/kitazato-ivf.com\/es\/wp-json\/wp\/v2\/pages\/16402"}],"wp:featuredmedia":[{"embeddable":true,"href":"https:\/\/kitazato-ivf.com\/es\/wp-json\/wp\/v2\/media\/15259"}],"wp:attachment":[{"href":"https:\/\/kitazato-ivf.com\/es\/wp-json\/wp\/v2\/media?parent=16403"}],"curies":[{"name":"wp","href":"https:\/\/api.w.org\/{rel}","templated":true}]}}