{"id":16358,"date":"2021-05-04T15:23:11","date_gmt":"2021-05-04T15:23:11","guid":{"rendered":"https:\/\/kitazato-ivf.com\/micro-tools\/holding-pipettes\/"},"modified":"2025-07-07T10:28:27","modified_gmt":"2025-07-07T10:28:27","slug":"micropipetas-holding","status":"publish","type":"page","link":"https:\/\/kitazato-ivf.com\/es\/pipetas-micromanipulacion\/micropipetas-holding\/","title":{"rendered":"Micropipetas para Holding"},"content":{"rendered":"","protected":false},"excerpt":{"rendered":"","protected":false},"author":6,"featured_media":15309,"parent":16351,"menu_order":110,"comment_status":"closed","ping_status":"closed","template":"","meta":{"_acf_changed":false,"footnotes":""},"class_list":["post-16358","page","type-page","status-publish","has-post-thumbnail","hentry","entry"],"acf":[],"yoast_head":"<!-- This site is optimized with the Yoast SEO plugin v26.8 - https:\/\/yoast.com\/product\/yoast-seo-wordpress\/ -->\n<title>Micropipetas para Holding - Kitazato IVF<\/title>\n<meta name=\"description\" content=\"Micropipetas de holding para sostener ovocitos, embriones o blastocistos durante la inyecci\u00f3n intracitoplasm\u00e1tica de espermatozoides o t\u00e9cnicas de PGT\" \/>\n<meta name=\"robots\" content=\"index, follow, max-snippet:-1, max-image-preview:large, max-video-preview:-1\" \/>\n<link rel=\"canonical\" href=\"https:\/\/kitazato-ivf.com\/es\/pipetas-micromanipulacion\/micropipetas-holding\/\" \/>\n<meta property=\"og:locale\" content=\"es_ES\" \/>\n<meta property=\"og:type\" content=\"article\" \/>\n<meta property=\"og:title\" content=\"Micropipetas para Holding - Kitazato IVF\" \/>\n<meta property=\"og:description\" content=\"Micropipetas de holding para sostener ovocitos, embriones o blastocistos durante la inyecci\u00f3n intracitoplasm\u00e1tica de espermatozoides o t\u00e9cnicas de PGT\" \/>\n<meta property=\"og:url\" content=\"https:\/\/kitazato-ivf.com\/es\/pipetas-micromanipulacion\/micropipetas-holding\/\" \/>\n<meta property=\"og:site_name\" content=\"Kitazato IVF\" \/>\n<meta property=\"article:modified_time\" content=\"2025-07-07T10:28:27+00:00\" \/>\n<meta property=\"og:image\" content=\"https:\/\/kitazato-ivf.com\/wp-content\/uploads\/2021\/06\/holding-pipettes-1.jpg\" \/>\n\t<meta property=\"og:image:width\" content=\"800\" \/>\n\t<meta property=\"og:image:height\" content=\"600\" \/>\n\t<meta property=\"og:image:type\" content=\"image\/jpeg\" \/>\n<meta name=\"twitter:card\" content=\"summary_large_image\" \/>\n<meta name=\"twitter:label1\" content=\"Tiempo de lectura\" \/>\n\t<meta name=\"twitter:data1\" content=\"1 minuto\" \/>\n<script type=\"application\/ld+json\" class=\"yoast-schema-graph\">{\"@context\":\"https:\/\/schema.org\",\"@graph\":[{\"@type\":\"WebPage\",\"@id\":\"https:\/\/kitazato-ivf.com\/es\/pipetas-micromanipulacion\/micropipetas-holding\/\",\"url\":\"https:\/\/kitazato-ivf.com\/es\/pipetas-micromanipulacion\/micropipetas-holding\/\",\"name\":\"Micropipetas para Holding - Kitazato IVF\",\"isPartOf\":{\"@id\":\"https:\/\/kitazato-ivf.com\/#website\"},\"primaryImageOfPage\":{\"@id\":\"https:\/\/kitazato-ivf.com\/es\/pipetas-micromanipulacion\/micropipetas-holding\/#primaryimage\"},\"image\":{\"@id\":\"https:\/\/kitazato-ivf.com\/es\/pipetas-micromanipulacion\/micropipetas-holding\/#primaryimage\"},\"thumbnailUrl\":\"https:\/\/kitazato-ivf.com\/wp-content\/uploads\/2021\/06\/holding-pipettes-1.jpg\",\"datePublished\":\"2021-05-04T15:23:11+00:00\",\"dateModified\":\"2025-07-07T10:28:27+00:00\",\"description\":\"Micropipetas de holding para sostener ovocitos, embriones o blastocistos durante la inyecci\u00f3n intracitoplasm\u00e1tica de espermatozoides o t\u00e9cnicas de PGT\",\"breadcrumb\":{\"@id\":\"https:\/\/kitazato-ivf.com\/es\/pipetas-micromanipulacion\/micropipetas-holding\/#breadcrumb\"},\"inLanguage\":\"es\",\"potentialAction\":[{\"@type\":\"ReadAction\",\"target\":[\"https:\/\/kitazato-ivf.com\/es\/pipetas-micromanipulacion\/micropipetas-holding\/\"]}]},{\"@type\":\"ImageObject\",\"inLanguage\":\"es\",\"@id\":\"https:\/\/kitazato-ivf.com\/es\/pipetas-micromanipulacion\/micropipetas-holding\/#primaryimage\",\"url\":\"https:\/\/kitazato-ivf.com\/wp-content\/uploads\/2021\/06\/holding-pipettes-1.jpg\",\"contentUrl\":\"https:\/\/kitazato-ivf.com\/wp-content\/uploads\/2021\/06\/holding-pipettes-1.jpg\",\"width\":800,\"height\":600,\"caption\":\"holding pipettes 1\"},{\"@type\":\"BreadcrumbList\",\"@id\":\"https:\/\/kitazato-ivf.com\/es\/pipetas-micromanipulacion\/micropipetas-holding\/#breadcrumb\",\"itemListElement\":[{\"@type\":\"ListItem\",\"position\":1,\"name\":\"Home\",\"item\":\"https:\/\/kitazato-ivf.com\/es\/\"},{\"@type\":\"ListItem\",\"position\":2,\"name\":\"Micro Tools\",\"item\":\"https:\/\/kitazato-ivf.com\/es\/pipetas-micromanipulacion\/\"},{\"@type\":\"ListItem\",\"position\":3,\"name\":\"Micropipetas para Holding\"}]},{\"@type\":\"WebSite\",\"@id\":\"https:\/\/kitazato-ivf.com\/#website\",\"url\":\"https:\/\/kitazato-ivf.com\/\",\"name\":\"Kitazato IVF\",\"description\":\"Quality results for life\",\"potentialAction\":[{\"@type\":\"SearchAction\",\"target\":{\"@type\":\"EntryPoint\",\"urlTemplate\":\"https:\/\/kitazato-ivf.com\/?s={search_term_string}\"},\"query-input\":{\"@type\":\"PropertyValueSpecification\",\"valueRequired\":true,\"valueName\":\"search_term_string\"}}],\"inLanguage\":\"es\"}]}<\/script>\n<!-- \/ Yoast SEO plugin. -->","yoast_head_json":{"title":"Micropipetas para Holding - Kitazato IVF","description":"Micropipetas de holding para sostener ovocitos, embriones o blastocistos durante la inyecci\u00f3n intracitoplasm\u00e1tica de espermatozoides o t\u00e9cnicas de PGT","robots":{"index":"index","follow":"follow","max-snippet":"max-snippet:-1","max-image-preview":"max-image-preview:large","max-video-preview":"max-video-preview:-1"},"canonical":"https:\/\/kitazato-ivf.com\/es\/pipetas-micromanipulacion\/micropipetas-holding\/","og_locale":"es_ES","og_type":"article","og_title":"Micropipetas para Holding - Kitazato IVF","og_description":"Micropipetas de holding para sostener ovocitos, embriones o blastocistos durante la inyecci\u00f3n intracitoplasm\u00e1tica de espermatozoides o t\u00e9cnicas de PGT","og_url":"https:\/\/kitazato-ivf.com\/es\/pipetas-micromanipulacion\/micropipetas-holding\/","og_site_name":"Kitazato IVF","article_modified_time":"2025-07-07T10:28:27+00:00","og_image":[{"width":800,"height":600,"url":"https:\/\/kitazato-ivf.com\/wp-content\/uploads\/2021\/06\/holding-pipettes-1.jpg","type":"image\/jpeg"}],"twitter_card":"summary_large_image","twitter_misc":{"Tiempo de lectura":"1 minuto"},"schema":{"@context":"https:\/\/schema.org","@graph":[{"@type":"WebPage","@id":"https:\/\/kitazato-ivf.com\/es\/pipetas-micromanipulacion\/micropipetas-holding\/","url":"https:\/\/kitazato-ivf.com\/es\/pipetas-micromanipulacion\/micropipetas-holding\/","name":"Micropipetas para Holding - Kitazato IVF","isPartOf":{"@id":"https:\/\/kitazato-ivf.com\/#website"},"primaryImageOfPage":{"@id":"https:\/\/kitazato-ivf.com\/es\/pipetas-micromanipulacion\/micropipetas-holding\/#primaryimage"},"image":{"@id":"https:\/\/kitazato-ivf.com\/es\/pipetas-micromanipulacion\/micropipetas-holding\/#primaryimage"},"thumbnailUrl":"https:\/\/kitazato-ivf.com\/wp-content\/uploads\/2021\/06\/holding-pipettes-1.jpg","datePublished":"2021-05-04T15:23:11+00:00","dateModified":"2025-07-07T10:28:27+00:00","description":"Micropipetas de holding para sostener ovocitos, embriones o blastocistos durante la inyecci\u00f3n intracitoplasm\u00e1tica de espermatozoides o t\u00e9cnicas de PGT","breadcrumb":{"@id":"https:\/\/kitazato-ivf.com\/es\/pipetas-micromanipulacion\/micropipetas-holding\/#breadcrumb"},"inLanguage":"es","potentialAction":[{"@type":"ReadAction","target":["https:\/\/kitazato-ivf.com\/es\/pipetas-micromanipulacion\/micropipetas-holding\/"]}]},{"@type":"ImageObject","inLanguage":"es","@id":"https:\/\/kitazato-ivf.com\/es\/pipetas-micromanipulacion\/micropipetas-holding\/#primaryimage","url":"https:\/\/kitazato-ivf.com\/wp-content\/uploads\/2021\/06\/holding-pipettes-1.jpg","contentUrl":"https:\/\/kitazato-ivf.com\/wp-content\/uploads\/2021\/06\/holding-pipettes-1.jpg","width":800,"height":600,"caption":"holding pipettes 1"},{"@type":"BreadcrumbList","@id":"https:\/\/kitazato-ivf.com\/es\/pipetas-micromanipulacion\/micropipetas-holding\/#breadcrumb","itemListElement":[{"@type":"ListItem","position":1,"name":"Home","item":"https:\/\/kitazato-ivf.com\/es\/"},{"@type":"ListItem","position":2,"name":"Micro Tools","item":"https:\/\/kitazato-ivf.com\/es\/pipetas-micromanipulacion\/"},{"@type":"ListItem","position":3,"name":"Micropipetas para Holding"}]},{"@type":"WebSite","@id":"https:\/\/kitazato-ivf.com\/#website","url":"https:\/\/kitazato-ivf.com\/","name":"Kitazato IVF","description":"Quality results for life","potentialAction":[{"@type":"SearchAction","target":{"@type":"EntryPoint","urlTemplate":"https:\/\/kitazato-ivf.com\/?s={search_term_string}"},"query-input":{"@type":"PropertyValueSpecification","valueRequired":true,"valueName":"search_term_string"}}],"inLanguage":"es"}]}},"_links":{"self":[{"href":"https:\/\/kitazato-ivf.com\/es\/wp-json\/wp\/v2\/pages\/16358","targetHints":{"allow":["GET"]}}],"collection":[{"href":"https:\/\/kitazato-ivf.com\/es\/wp-json\/wp\/v2\/pages"}],"about":[{"href":"https:\/\/kitazato-ivf.com\/es\/wp-json\/wp\/v2\/types\/page"}],"author":[{"embeddable":true,"href":"https:\/\/kitazato-ivf.com\/es\/wp-json\/wp\/v2\/users\/6"}],"replies":[{"embeddable":true,"href":"https:\/\/kitazato-ivf.com\/es\/wp-json\/wp\/v2\/comments?post=16358"}],"version-history":[{"count":25,"href":"https:\/\/kitazato-ivf.com\/es\/wp-json\/wp\/v2\/pages\/16358\/revisions"}],"predecessor-version":[{"id":33940,"href":"https:\/\/kitazato-ivf.com\/es\/wp-json\/wp\/v2\/pages\/16358\/revisions\/33940"}],"up":[{"embeddable":true,"href":"https:\/\/kitazato-ivf.com\/es\/wp-json\/wp\/v2\/pages\/16351"}],"wp:featuredmedia":[{"embeddable":true,"href":"https:\/\/kitazato-ivf.com\/es\/wp-json\/wp\/v2\/media\/15309"}],"wp:attachment":[{"href":"https:\/\/kitazato-ivf.com\/es\/wp-json\/wp\/v2\/media?parent=16358"}],"curies":[{"name":"wp","href":"https:\/\/api.w.org\/{rel}","templated":true}]}}