{"id":16254,"date":"2021-05-05T14:01:24","date_gmt":"2021-05-05T14:01:24","guid":{"rendered":"https:\/\/kitazato-ivf.com\/vitrificacion\/vitrification-thawing-media\/"},"modified":"2026-02-19T10:58:07","modified_gmt":"2026-02-19T10:58:07","slug":"medios-vitrificacion","status":"publish","type":"page","link":"https:\/\/kitazato-ivf.com\/es\/vitrificacion\/medios-vitrificacion\/","title":{"rendered":"Medios de Vitrificaci\u00f3n"},"content":{"rendered":"","protected":false},"excerpt":{"rendered":"","protected":false},"author":6,"featured_media":35127,"parent":16243,"menu_order":68,"comment_status":"closed","ping_status":"closed","template":"","meta":{"_acf_changed":false,"footnotes":""},"class_list":["post-16254","page","type-page","status-publish","has-post-thumbnail","hentry","entry"],"acf":[],"yoast_head":"<!-- This site is optimized with the Yoast SEO plugin v26.8 - https:\/\/yoast.com\/product\/yoast-seo-wordpress\/ -->\n<title>Medios de Vitrificaci\u00f3n - Kitazato IVF<\/title>\n<meta name=\"description\" content=\"Los medios de vitrificaci\u00f3n Kitazato son la opci\u00f3n m\u00e1s vers\u00e1til para la criopreservaci\u00f3n en el laboratorio. Descubre nuestros productos.\" \/>\n<meta name=\"robots\" content=\"index, follow, max-snippet:-1, max-image-preview:large, max-video-preview:-1\" \/>\n<link rel=\"canonical\" href=\"https:\/\/kitazato-ivf.com\/es\/vitrificacion\/medios-vitrificacion\/\" \/>\n<meta property=\"og:locale\" content=\"es_ES\" \/>\n<meta property=\"og:type\" content=\"article\" \/>\n<meta property=\"og:title\" content=\"Medios de Vitrificaci\u00f3n - Kitazato IVF\" \/>\n<meta property=\"og:description\" content=\"Los medios de vitrificaci\u00f3n Kitazato son la opci\u00f3n m\u00e1s vers\u00e1til para la criopreservaci\u00f3n en el laboratorio. Descubre nuestros productos.\" \/>\n<meta property=\"og:url\" content=\"https:\/\/kitazato-ivf.com\/es\/vitrificacion\/medios-vitrificacion\/\" \/>\n<meta property=\"og:site_name\" content=\"Kitazato IVF\" \/>\n<meta property=\"article:modified_time\" content=\"2026-02-19T10:58:07+00:00\" \/>\n<meta property=\"og:image\" content=\"https:\/\/kitazato-ivf.com\/wp-content\/uploads\/2026\/02\/NEW-VT-MEDIA.png\" \/>\n\t<meta property=\"og:image:width\" content=\"1600\" \/>\n\t<meta property=\"og:image:height\" content=\"765\" \/>\n\t<meta property=\"og:image:type\" content=\"image\/png\" \/>\n<meta name=\"twitter:card\" content=\"summary_large_image\" \/>\n<meta name=\"twitter:label1\" content=\"Tiempo de lectura\" \/>\n\t<meta name=\"twitter:data1\" content=\"1 minuto\" \/>\n<script type=\"application\/ld+json\" class=\"yoast-schema-graph\">{\"@context\":\"https:\/\/schema.org\",\"@graph\":[{\"@type\":\"WebPage\",\"@id\":\"https:\/\/kitazato-ivf.com\/es\/vitrificacion\/medios-vitrificacion\/\",\"url\":\"https:\/\/kitazato-ivf.com\/es\/vitrificacion\/medios-vitrificacion\/\",\"name\":\"Medios de Vitrificaci\u00f3n - Kitazato IVF\",\"isPartOf\":{\"@id\":\"https:\/\/kitazato-ivf.com\/#website\"},\"primaryImageOfPage\":{\"@id\":\"https:\/\/kitazato-ivf.com\/es\/vitrificacion\/medios-vitrificacion\/#primaryimage\"},\"image\":{\"@id\":\"https:\/\/kitazato-ivf.com\/es\/vitrificacion\/medios-vitrificacion\/#primaryimage\"},\"thumbnailUrl\":\"https:\/\/kitazato-ivf.com\/wp-content\/uploads\/2026\/02\/NEW-VT-MEDIA.png\",\"datePublished\":\"2021-05-05T14:01:24+00:00\",\"dateModified\":\"2026-02-19T10:58:07+00:00\",\"description\":\"Los medios de vitrificaci\u00f3n Kitazato son la opci\u00f3n m\u00e1s vers\u00e1til para la criopreservaci\u00f3n en el laboratorio. Descubre nuestros productos.\",\"breadcrumb\":{\"@id\":\"https:\/\/kitazato-ivf.com\/es\/vitrificacion\/medios-vitrificacion\/#breadcrumb\"},\"inLanguage\":\"es\",\"potentialAction\":[{\"@type\":\"ReadAction\",\"target\":[\"https:\/\/kitazato-ivf.com\/es\/vitrificacion\/medios-vitrificacion\/\"]}]},{\"@type\":\"ImageObject\",\"inLanguage\":\"es\",\"@id\":\"https:\/\/kitazato-ivf.com\/es\/vitrificacion\/medios-vitrificacion\/#primaryimage\",\"url\":\"https:\/\/kitazato-ivf.com\/wp-content\/uploads\/2026\/02\/NEW-VT-MEDIA.png\",\"contentUrl\":\"https:\/\/kitazato-ivf.com\/wp-content\/uploads\/2026\/02\/NEW-VT-MEDIA.png\",\"width\":1600,\"height\":765},{\"@type\":\"BreadcrumbList\",\"@id\":\"https:\/\/kitazato-ivf.com\/es\/vitrificacion\/medios-vitrificacion\/#breadcrumb\",\"itemListElement\":[{\"@type\":\"ListItem\",\"position\":1,\"name\":\"Home\",\"item\":\"https:\/\/kitazato-ivf.com\/es\/\"},{\"@type\":\"ListItem\",\"position\":2,\"name\":\"Vitrificaci\u00f3n\",\"item\":\"https:\/\/kitazato-ivf.com\/es\/vitrificacion\/\"},{\"@type\":\"ListItem\",\"position\":3,\"name\":\"Medios de Vitrificaci\u00f3n\"}]},{\"@type\":\"WebSite\",\"@id\":\"https:\/\/kitazato-ivf.com\/#website\",\"url\":\"https:\/\/kitazato-ivf.com\/\",\"name\":\"Kitazato IVF\",\"description\":\"Quality results for life\",\"potentialAction\":[{\"@type\":\"SearchAction\",\"target\":{\"@type\":\"EntryPoint\",\"urlTemplate\":\"https:\/\/kitazato-ivf.com\/?s={search_term_string}\"},\"query-input\":{\"@type\":\"PropertyValueSpecification\",\"valueRequired\":true,\"valueName\":\"search_term_string\"}}],\"inLanguage\":\"es\"}]}<\/script>\n<!-- \/ Yoast SEO plugin. -->","yoast_head_json":{"title":"Medios de Vitrificaci\u00f3n - Kitazato IVF","description":"Los medios de vitrificaci\u00f3n Kitazato son la opci\u00f3n m\u00e1s vers\u00e1til para la criopreservaci\u00f3n en el laboratorio. Descubre nuestros productos.","robots":{"index":"index","follow":"follow","max-snippet":"max-snippet:-1","max-image-preview":"max-image-preview:large","max-video-preview":"max-video-preview:-1"},"canonical":"https:\/\/kitazato-ivf.com\/es\/vitrificacion\/medios-vitrificacion\/","og_locale":"es_ES","og_type":"article","og_title":"Medios de Vitrificaci\u00f3n - Kitazato IVF","og_description":"Los medios de vitrificaci\u00f3n Kitazato son la opci\u00f3n m\u00e1s vers\u00e1til para la criopreservaci\u00f3n en el laboratorio. Descubre nuestros productos.","og_url":"https:\/\/kitazato-ivf.com\/es\/vitrificacion\/medios-vitrificacion\/","og_site_name":"Kitazato IVF","article_modified_time":"2026-02-19T10:58:07+00:00","og_image":[{"width":1600,"height":765,"url":"https:\/\/kitazato-ivf.com\/wp-content\/uploads\/2026\/02\/NEW-VT-MEDIA.png","type":"image\/png"}],"twitter_card":"summary_large_image","twitter_misc":{"Tiempo de lectura":"1 minuto"},"schema":{"@context":"https:\/\/schema.org","@graph":[{"@type":"WebPage","@id":"https:\/\/kitazato-ivf.com\/es\/vitrificacion\/medios-vitrificacion\/","url":"https:\/\/kitazato-ivf.com\/es\/vitrificacion\/medios-vitrificacion\/","name":"Medios de Vitrificaci\u00f3n - Kitazato IVF","isPartOf":{"@id":"https:\/\/kitazato-ivf.com\/#website"},"primaryImageOfPage":{"@id":"https:\/\/kitazato-ivf.com\/es\/vitrificacion\/medios-vitrificacion\/#primaryimage"},"image":{"@id":"https:\/\/kitazato-ivf.com\/es\/vitrificacion\/medios-vitrificacion\/#primaryimage"},"thumbnailUrl":"https:\/\/kitazato-ivf.com\/wp-content\/uploads\/2026\/02\/NEW-VT-MEDIA.png","datePublished":"2021-05-05T14:01:24+00:00","dateModified":"2026-02-19T10:58:07+00:00","description":"Los medios de vitrificaci\u00f3n Kitazato son la opci\u00f3n m\u00e1s vers\u00e1til para la criopreservaci\u00f3n en el laboratorio. Descubre nuestros productos.","breadcrumb":{"@id":"https:\/\/kitazato-ivf.com\/es\/vitrificacion\/medios-vitrificacion\/#breadcrumb"},"inLanguage":"es","potentialAction":[{"@type":"ReadAction","target":["https:\/\/kitazato-ivf.com\/es\/vitrificacion\/medios-vitrificacion\/"]}]},{"@type":"ImageObject","inLanguage":"es","@id":"https:\/\/kitazato-ivf.com\/es\/vitrificacion\/medios-vitrificacion\/#primaryimage","url":"https:\/\/kitazato-ivf.com\/wp-content\/uploads\/2026\/02\/NEW-VT-MEDIA.png","contentUrl":"https:\/\/kitazato-ivf.com\/wp-content\/uploads\/2026\/02\/NEW-VT-MEDIA.png","width":1600,"height":765},{"@type":"BreadcrumbList","@id":"https:\/\/kitazato-ivf.com\/es\/vitrificacion\/medios-vitrificacion\/#breadcrumb","itemListElement":[{"@type":"ListItem","position":1,"name":"Home","item":"https:\/\/kitazato-ivf.com\/es\/"},{"@type":"ListItem","position":2,"name":"Vitrificaci\u00f3n","item":"https:\/\/kitazato-ivf.com\/es\/vitrificacion\/"},{"@type":"ListItem","position":3,"name":"Medios de Vitrificaci\u00f3n"}]},{"@type":"WebSite","@id":"https:\/\/kitazato-ivf.com\/#website","url":"https:\/\/kitazato-ivf.com\/","name":"Kitazato IVF","description":"Quality results for life","potentialAction":[{"@type":"SearchAction","target":{"@type":"EntryPoint","urlTemplate":"https:\/\/kitazato-ivf.com\/?s={search_term_string}"},"query-input":{"@type":"PropertyValueSpecification","valueRequired":true,"valueName":"search_term_string"}}],"inLanguage":"es"}]}},"_links":{"self":[{"href":"https:\/\/kitazato-ivf.com\/es\/wp-json\/wp\/v2\/pages\/16254","targetHints":{"allow":["GET"]}}],"collection":[{"href":"https:\/\/kitazato-ivf.com\/es\/wp-json\/wp\/v2\/pages"}],"about":[{"href":"https:\/\/kitazato-ivf.com\/es\/wp-json\/wp\/v2\/types\/page"}],"author":[{"embeddable":true,"href":"https:\/\/kitazato-ivf.com\/es\/wp-json\/wp\/v2\/users\/6"}],"replies":[{"embeddable":true,"href":"https:\/\/kitazato-ivf.com\/es\/wp-json\/wp\/v2\/comments?post=16254"}],"version-history":[{"count":44,"href":"https:\/\/kitazato-ivf.com\/es\/wp-json\/wp\/v2\/pages\/16254\/revisions"}],"predecessor-version":[{"id":35133,"href":"https:\/\/kitazato-ivf.com\/es\/wp-json\/wp\/v2\/pages\/16254\/revisions\/35133"}],"up":[{"embeddable":true,"href":"https:\/\/kitazato-ivf.com\/es\/wp-json\/wp\/v2\/pages\/16243"}],"wp:featuredmedia":[{"embeddable":true,"href":"https:\/\/kitazato-ivf.com\/es\/wp-json\/wp\/v2\/media\/35127"}],"wp:attachment":[{"href":"https:\/\/kitazato-ivf.com\/es\/wp-json\/wp\/v2\/media?parent=16254"}],"curies":[{"name":"wp","href":"https:\/\/api.w.org\/{rel}","templated":true}]}}