{"id":15769,"date":"2021-04-29T10:36:52","date_gmt":"2021-04-29T10:36:52","guid":{"rendered":"https:\/\/kitazato-ivf.com\/oocyte-retrieval-needles\/"},"modified":"2026-03-18T10:48:25","modified_gmt":"2026-03-18T10:48:25","slug":"agujas-puncion-ovarica","status":"publish","type":"page","link":"https:\/\/kitazato-ivf.com\/es\/agujas-puncion-ovarica\/","title":{"rendered":"Agujas de Punci\u00f3n Ov\u00e1rica"},"content":{"rendered":"","protected":false},"excerpt":{"rendered":"","protected":false},"author":6,"featured_media":15262,"parent":0,"menu_order":88,"comment_status":"closed","ping_status":"closed","template":"","meta":{"_acf_changed":false,"footnotes":""},"class_list":["post-15769","page","type-page","status-publish","has-post-thumbnail","hentry","entry"],"acf":[],"yoast_head":"<!-- This site is optimized with the Yoast SEO plugin v26.8 - https:\/\/yoast.com\/product\/yoast-seo-wordpress\/ -->\n<title>Agujas de Punci\u00f3n Ov\u00e1rica - Kitazato IVF<\/title>\n<meta name=\"description\" content=\"Las agujas de punci\u00f3n de Kitazato brindan una recuperaci\u00f3n de ovocitos segura y eficiente y minimizan el trauma y el dolor debido a su dise\u00f1o \u00fanico\" \/>\n<meta name=\"robots\" content=\"index, follow, max-snippet:-1, max-image-preview:large, max-video-preview:-1\" \/>\n<link rel=\"canonical\" href=\"https:\/\/kitazato-ivf.com\/es\/agujas-puncion-ovarica\/\" \/>\n<meta property=\"og:locale\" content=\"es_ES\" \/>\n<meta property=\"og:type\" content=\"article\" \/>\n<meta property=\"og:title\" content=\"Agujas de Punci\u00f3n Ov\u00e1rica - Kitazato IVF\" \/>\n<meta property=\"og:description\" content=\"Las agujas de punci\u00f3n de Kitazato brindan una recuperaci\u00f3n de ovocitos segura y eficiente y minimizan el trauma y el dolor debido a su dise\u00f1o \u00fanico\" \/>\n<meta property=\"og:url\" content=\"https:\/\/kitazato-ivf.com\/es\/agujas-puncion-ovarica\/\" \/>\n<meta property=\"og:site_name\" content=\"Kitazato IVF\" \/>\n<meta property=\"article:modified_time\" content=\"2026-03-18T10:48:25+00:00\" \/>\n<meta property=\"og:image\" content=\"https:\/\/kitazato-ivf.com\/wp-content\/uploads\/2021\/05\/Tip_Single_Lumen_OPU_oocyte_retieval_Needle_Kitazato-1.jpg\" \/>\n\t<meta property=\"og:image:width\" content=\"800\" \/>\n\t<meta property=\"og:image:height\" content=\"800\" \/>\n\t<meta property=\"og:image:type\" content=\"image\/jpeg\" \/>\n<meta name=\"twitter:card\" content=\"summary_large_image\" \/>\n<meta name=\"twitter:label1\" content=\"Tiempo de lectura\" \/>\n\t<meta name=\"twitter:data1\" content=\"1 minuto\" \/>\n<script type=\"application\/ld+json\" class=\"yoast-schema-graph\">{\"@context\":\"https:\/\/schema.org\",\"@graph\":[{\"@type\":\"WebPage\",\"@id\":\"https:\/\/kitazato-ivf.com\/es\/agujas-puncion-ovarica\/\",\"url\":\"https:\/\/kitazato-ivf.com\/es\/agujas-puncion-ovarica\/\",\"name\":\"Agujas de Punci\u00f3n Ov\u00e1rica - Kitazato IVF\",\"isPartOf\":{\"@id\":\"https:\/\/kitazato-ivf.com\/#website\"},\"primaryImageOfPage\":{\"@id\":\"https:\/\/kitazato-ivf.com\/es\/agujas-puncion-ovarica\/#primaryimage\"},\"image\":{\"@id\":\"https:\/\/kitazato-ivf.com\/es\/agujas-puncion-ovarica\/#primaryimage\"},\"thumbnailUrl\":\"https:\/\/kitazato-ivf.com\/wp-content\/uploads\/2021\/05\/Tip_Single_Lumen_OPU_oocyte_retieval_Needle_Kitazato-1.jpg\",\"datePublished\":\"2021-04-29T10:36:52+00:00\",\"dateModified\":\"2026-03-18T10:48:25+00:00\",\"description\":\"Las agujas de punci\u00f3n de Kitazato brindan una recuperaci\u00f3n de ovocitos segura y eficiente y minimizan el trauma y el dolor debido a su dise\u00f1o \u00fanico\",\"breadcrumb\":{\"@id\":\"https:\/\/kitazato-ivf.com\/es\/agujas-puncion-ovarica\/#breadcrumb\"},\"inLanguage\":\"es\",\"potentialAction\":[{\"@type\":\"ReadAction\",\"target\":[\"https:\/\/kitazato-ivf.com\/es\/agujas-puncion-ovarica\/\"]}]},{\"@type\":\"ImageObject\",\"inLanguage\":\"es\",\"@id\":\"https:\/\/kitazato-ivf.com\/es\/agujas-puncion-ovarica\/#primaryimage\",\"url\":\"https:\/\/kitazato-ivf.com\/wp-content\/uploads\/2021\/05\/Tip_Single_Lumen_OPU_oocyte_retieval_Needle_Kitazato-1.jpg\",\"contentUrl\":\"https:\/\/kitazato-ivf.com\/wp-content\/uploads\/2021\/05\/Tip_Single_Lumen_OPU_oocyte_retieval_Needle_Kitazato-1.jpg\",\"width\":800,\"height\":800,\"caption\":\"Tip Single Lumen OPU oocyte retieval Needle Kitazato 1\"},{\"@type\":\"BreadcrumbList\",\"@id\":\"https:\/\/kitazato-ivf.com\/es\/agujas-puncion-ovarica\/#breadcrumb\",\"itemListElement\":[{\"@type\":\"ListItem\",\"position\":1,\"name\":\"Home\",\"item\":\"https:\/\/kitazato-ivf.com\/es\/\"},{\"@type\":\"ListItem\",\"position\":2,\"name\":\"Agujas de Punci\u00f3n Ov\u00e1rica\"}]},{\"@type\":\"WebSite\",\"@id\":\"https:\/\/kitazato-ivf.com\/#website\",\"url\":\"https:\/\/kitazato-ivf.com\/\",\"name\":\"Kitazato IVF\",\"description\":\"Quality results for life\",\"potentialAction\":[{\"@type\":\"SearchAction\",\"target\":{\"@type\":\"EntryPoint\",\"urlTemplate\":\"https:\/\/kitazato-ivf.com\/?s={search_term_string}\"},\"query-input\":{\"@type\":\"PropertyValueSpecification\",\"valueRequired\":true,\"valueName\":\"search_term_string\"}}],\"inLanguage\":\"es\"}]}<\/script>\n<!-- \/ Yoast SEO plugin. -->","yoast_head_json":{"title":"Agujas de Punci\u00f3n Ov\u00e1rica - Kitazato IVF","description":"Las agujas de punci\u00f3n de Kitazato brindan una recuperaci\u00f3n de ovocitos segura y eficiente y minimizan el trauma y el dolor debido a su dise\u00f1o \u00fanico","robots":{"index":"index","follow":"follow","max-snippet":"max-snippet:-1","max-image-preview":"max-image-preview:large","max-video-preview":"max-video-preview:-1"},"canonical":"https:\/\/kitazato-ivf.com\/es\/agujas-puncion-ovarica\/","og_locale":"es_ES","og_type":"article","og_title":"Agujas de Punci\u00f3n Ov\u00e1rica - Kitazato IVF","og_description":"Las agujas de punci\u00f3n de Kitazato brindan una recuperaci\u00f3n de ovocitos segura y eficiente y minimizan el trauma y el dolor debido a su dise\u00f1o \u00fanico","og_url":"https:\/\/kitazato-ivf.com\/es\/agujas-puncion-ovarica\/","og_site_name":"Kitazato IVF","article_modified_time":"2026-03-18T10:48:25+00:00","og_image":[{"width":800,"height":800,"url":"https:\/\/kitazato-ivf.com\/wp-content\/uploads\/2021\/05\/Tip_Single_Lumen_OPU_oocyte_retieval_Needle_Kitazato-1.jpg","type":"image\/jpeg"}],"twitter_card":"summary_large_image","twitter_misc":{"Tiempo de lectura":"1 minuto"},"schema":{"@context":"https:\/\/schema.org","@graph":[{"@type":"WebPage","@id":"https:\/\/kitazato-ivf.com\/es\/agujas-puncion-ovarica\/","url":"https:\/\/kitazato-ivf.com\/es\/agujas-puncion-ovarica\/","name":"Agujas de Punci\u00f3n Ov\u00e1rica - Kitazato IVF","isPartOf":{"@id":"https:\/\/kitazato-ivf.com\/#website"},"primaryImageOfPage":{"@id":"https:\/\/kitazato-ivf.com\/es\/agujas-puncion-ovarica\/#primaryimage"},"image":{"@id":"https:\/\/kitazato-ivf.com\/es\/agujas-puncion-ovarica\/#primaryimage"},"thumbnailUrl":"https:\/\/kitazato-ivf.com\/wp-content\/uploads\/2021\/05\/Tip_Single_Lumen_OPU_oocyte_retieval_Needle_Kitazato-1.jpg","datePublished":"2021-04-29T10:36:52+00:00","dateModified":"2026-03-18T10:48:25+00:00","description":"Las agujas de punci\u00f3n de Kitazato brindan una recuperaci\u00f3n de ovocitos segura y eficiente y minimizan el trauma y el dolor debido a su dise\u00f1o \u00fanico","breadcrumb":{"@id":"https:\/\/kitazato-ivf.com\/es\/agujas-puncion-ovarica\/#breadcrumb"},"inLanguage":"es","potentialAction":[{"@type":"ReadAction","target":["https:\/\/kitazato-ivf.com\/es\/agujas-puncion-ovarica\/"]}]},{"@type":"ImageObject","inLanguage":"es","@id":"https:\/\/kitazato-ivf.com\/es\/agujas-puncion-ovarica\/#primaryimage","url":"https:\/\/kitazato-ivf.com\/wp-content\/uploads\/2021\/05\/Tip_Single_Lumen_OPU_oocyte_retieval_Needle_Kitazato-1.jpg","contentUrl":"https:\/\/kitazato-ivf.com\/wp-content\/uploads\/2021\/05\/Tip_Single_Lumen_OPU_oocyte_retieval_Needle_Kitazato-1.jpg","width":800,"height":800,"caption":"Tip Single Lumen OPU oocyte retieval Needle Kitazato 1"},{"@type":"BreadcrumbList","@id":"https:\/\/kitazato-ivf.com\/es\/agujas-puncion-ovarica\/#breadcrumb","itemListElement":[{"@type":"ListItem","position":1,"name":"Home","item":"https:\/\/kitazato-ivf.com\/es\/"},{"@type":"ListItem","position":2,"name":"Agujas de Punci\u00f3n Ov\u00e1rica"}]},{"@type":"WebSite","@id":"https:\/\/kitazato-ivf.com\/#website","url":"https:\/\/kitazato-ivf.com\/","name":"Kitazato IVF","description":"Quality results for life","potentialAction":[{"@type":"SearchAction","target":{"@type":"EntryPoint","urlTemplate":"https:\/\/kitazato-ivf.com\/?s={search_term_string}"},"query-input":{"@type":"PropertyValueSpecification","valueRequired":true,"valueName":"search_term_string"}}],"inLanguage":"es"}]}},"_links":{"self":[{"href":"https:\/\/kitazato-ivf.com\/es\/wp-json\/wp\/v2\/pages\/15769","targetHints":{"allow":["GET"]}}],"collection":[{"href":"https:\/\/kitazato-ivf.com\/es\/wp-json\/wp\/v2\/pages"}],"about":[{"href":"https:\/\/kitazato-ivf.com\/es\/wp-json\/wp\/v2\/types\/page"}],"author":[{"embeddable":true,"href":"https:\/\/kitazato-ivf.com\/es\/wp-json\/wp\/v2\/users\/6"}],"replies":[{"embeddable":true,"href":"https:\/\/kitazato-ivf.com\/es\/wp-json\/wp\/v2\/comments?post=15769"}],"version-history":[{"count":80,"href":"https:\/\/kitazato-ivf.com\/es\/wp-json\/wp\/v2\/pages\/15769\/revisions"}],"predecessor-version":[{"id":35265,"href":"https:\/\/kitazato-ivf.com\/es\/wp-json\/wp\/v2\/pages\/15769\/revisions\/35265"}],"wp:featuredmedia":[{"embeddable":true,"href":"https:\/\/kitazato-ivf.com\/es\/wp-json\/wp\/v2\/media\/15262"}],"wp:attachment":[{"href":"https:\/\/kitazato-ivf.com\/es\/wp-json\/wp\/v2\/media?parent=15769"}],"curies":[{"name":"wp","href":"https:\/\/api.w.org\/{rel}","templated":true}]}}